{"id":9494,"date":"2025-01-27T08:59:25","date_gmt":"2025-01-27T08:59:25","guid":{"rendered":"https:\/\/renoreformae.com\/politique-de-confidentialite\/"},"modified":"2025-06-05T07:46:42","modified_gmt":"2025-06-05T07:46:42","slug":"politique-de-confidentialite","status":"publish","type":"page","link":"https:\/\/renoreformae.com\/fr\/politique-de-confidentialite\/","title":{"rendered":"Politique de confidentialit\u00e9"},"content":{"rendered":"\t\t<div data-elementor-type=\"wp-page\" data-elementor-id=\"9494\" class=\"elementor elementor-9494 elementor-3\" data-elementor-post-type=\"page\">\n\t\t\t\t\t\t<section class=\"elementor-section elementor-top-section elementor-element elementor-element-336975c elementor-section-boxed elementor-section-height-default elementor-section-height-default\" data-id=\"336975c\" data-element_type=\"section\">\n\t\t\t\t\t\t<div class=\"elementor-container elementor-column-gap-default\">\n\t\t\t\t\t<div class=\"elementor-column elementor-col-100 elementor-top-column elementor-element elementor-element-ec2562b\" data-id=\"ec2562b\" data-element_type=\"column\">\n\t\t\t<div class=\"elementor-widget-wrap elementor-element-populated\">\n\t\t\t\t\t\t<div class=\"elementor-element elementor-element-81c1e6b elementor-widget elementor-widget-spacer\" data-id=\"81c1e6b\" data-element_type=\"widget\" data-widget_type=\"spacer.default\">\n\t\t\t\t<div class=\"elementor-widget-container\">\n\t\t\t<style>\/*! elementor - v3.22.0 - 26-06-2024 *\/\n.elementor-column .elementor-spacer-inner{height:var(--spacer-size)}.e-con{--container-widget-width:100%}.e-con-inner>.elementor-widget-spacer,.e-con>.elementor-widget-spacer{width:var(--container-widget-width,var(--spacer-size));--align-self:var(--container-widget-align-self,initial);--flex-shrink:0}.e-con-inner>.elementor-widget-spacer>.elementor-widget-container,.e-con>.elementor-widget-spacer>.elementor-widget-container{height:100%;width:100%}.e-con-inner>.elementor-widget-spacer>.elementor-widget-container>.elementor-spacer,.e-con>.elementor-widget-spacer>.elementor-widget-container>.elementor-spacer{height:100%}.e-con-inner>.elementor-widget-spacer>.elementor-widget-container>.elementor-spacer>.elementor-spacer-inner,.e-con>.elementor-widget-spacer>.elementor-widget-container>.elementor-spacer>.elementor-spacer-inner{height:var(--container-widget-height,var(--spacer-size))}.e-con-inner>.elementor-widget-spacer.elementor-widget-empty,.e-con>.elementor-widget-spacer.elementor-widget-empty{position:relative;min-height:22px;min-width:22px}.e-con-inner>.elementor-widget-spacer.elementor-widget-empty .elementor-widget-empty-icon,.e-con>.elementor-widget-spacer.elementor-widget-empty .elementor-widget-empty-icon{position:absolute;top:0;bottom:0;left:0;right:0;margin:auto;padding:0;width:22px;height:22px}<\/style>\t\t<div class=\"elementor-spacer\">\n\t\t\t<div class=\"elementor-spacer-inner\"><\/div>\n\t\t<\/div>\n\t\t\t\t<\/div>\n\t\t\t\t<\/div>\n\t\t\t\t\t<\/div>\n\t\t<\/div>\n\t\t\t\t\t<\/div>\n\t\t<\/section>\n\t\t\t\t<section class=\"elementor-section elementor-top-section elementor-element elementor-element-35f2d6b elementor-section-boxed elementor-section-height-default elementor-section-height-default\" data-id=\"35f2d6b\" data-element_type=\"section\">\n\t\t\t\t\t\t<div class=\"elementor-container elementor-column-gap-default\">\n\t\t\t\t\t<div class=\"elementor-column elementor-col-100 elementor-top-column elementor-element elementor-element-f3f98c8\" data-id=\"f3f98c8\" data-element_type=\"column\">\n\t\t\t<div class=\"elementor-widget-wrap elementor-element-populated\">\n\t\t\t\t\t\t<div class=\"elementor-element elementor-element-2cb2cbd elementor-widget elementor-widget-heading\" data-id=\"2cb2cbd\" data-element_type=\"widget\" data-widget_type=\"heading.default\">\n\t\t\t\t<div class=\"elementor-widget-container\">\n\t\t\t<style>\/*! elementor - v3.22.0 - 26-06-2024 *\/\n.elementor-heading-title{padding:0;margin:0;line-height:1}.elementor-widget-heading .elementor-heading-title[class*=elementor-size-]>a{color:inherit;font-size:inherit;line-height:inherit}.elementor-widget-heading .elementor-heading-title.elementor-size-small{font-size:15px}.elementor-widget-heading .elementor-heading-title.elementor-size-medium{font-size:19px}.elementor-widget-heading .elementor-heading-title.elementor-size-large{font-size:29px}.elementor-widget-heading .elementor-heading-title.elementor-size-xl{font-size:39px}.elementor-widget-heading .elementor-heading-title.elementor-size-xxl{font-size:59px}<\/style><h2 class=\"elementor-heading-title elementor-size-default\">POLITIQUE DE CONFIDENTIALIT\u00c9<\/h2>\t\t<\/div>\n\t\t\t\t<\/div>\n\t\t\t\t\t<\/div>\n\t\t<\/div>\n\t\t\t\t\t<\/div>\n\t\t<\/section>\n\t\t\t\t<section class=\"elementor-section elementor-top-section elementor-element elementor-element-7425752 elementor-section-boxed elementor-section-height-default elementor-section-height-default\" data-id=\"7425752\" data-element_type=\"section\">\n\t\t\t\t\t\t<div class=\"elementor-container elementor-column-gap-default\">\n\t\t\t\t\t<div class=\"elementor-column elementor-col-100 elementor-top-column elementor-element elementor-element-233bd19\" data-id=\"233bd19\" data-element_type=\"column\">\n\t\t\t<div class=\"elementor-widget-wrap elementor-element-populated\">\n\t\t\t\t\t\t<div class=\"elementor-element elementor-element-e5debf6 elementor-widget elementor-widget-spacer\" data-id=\"e5debf6\" data-element_type=\"widget\" data-widget_type=\"spacer.default\">\n\t\t\t\t<div class=\"elementor-widget-container\">\n\t\t\t\t\t<div class=\"elementor-spacer\">\n\t\t\t<div class=\"elementor-spacer-inner\"><\/div>\n\t\t<\/div>\n\t\t\t\t<\/div>\n\t\t\t\t<\/div>\n\t\t\t\t\t<\/div>\n\t\t<\/div>\n\t\t\t\t\t<\/div>\n\t\t<\/section>\n\t\t\t\t<section class=\"elementor-section elementor-top-section elementor-element elementor-element-97bd12a elementor-section-boxed elementor-section-height-default elementor-section-height-default\" data-id=\"97bd12a\" data-element_type=\"section\">\n\t\t\t\t\t\t<div class=\"elementor-container elementor-column-gap-default\">\n\t\t\t\t\t<div class=\"elementor-column elementor-col-100 elementor-top-column elementor-element elementor-element-f7926d0\" data-id=\"f7926d0\" data-element_type=\"column\">\n\t\t\t<div class=\"elementor-widget-wrap elementor-element-populated\">\n\t\t\t\t\t\t<div class=\"elementor-element elementor-element-77d5442 elementor-widget elementor-widget-text-editor\" data-id=\"77d5442\" data-element_type=\"widget\" data-widget_type=\"text-editor.default\">\n\t\t\t\t<div class=\"elementor-widget-container\">\n\t\t\t<style>\/*! elementor - v3.22.0 - 26-06-2024 *\/\n.elementor-widget-text-editor.elementor-drop-cap-view-stacked .elementor-drop-cap{background-color:#69727d;color:#fff}.elementor-widget-text-editor.elementor-drop-cap-view-framed .elementor-drop-cap{color:#69727d;border:3px solid;background-color:transparent}.elementor-widget-text-editor:not(.elementor-drop-cap-view-default) .elementor-drop-cap{margin-top:8px}.elementor-widget-text-editor:not(.elementor-drop-cap-view-default) .elementor-drop-cap-letter{width:1em;height:1em}.elementor-widget-text-editor .elementor-drop-cap{float:left;text-align:center;line-height:1;font-size:50px}.elementor-widget-text-editor .elementor-drop-cap-letter{display:inline-block}<\/style>\t\t\t\t<p><b>INFORMACI\u00d3 B\u00c0SICA SOBRE PROTECCI\u00d3 DE DADES:<\/b><\/p>\n<p><b> <\/b><\/p>\n<p><b>Responsable<\/b>: OSG SERVEIS GRUP, S.L.U.<\/p>\n<p><b>Finalitat<\/b>: Informar-lo sobre els productes i serveis publicats en la nostra web<\/p>\n<p><b>Legitimaci\u00f3<\/b>: per consentiment de l&rsquo;interessat i\/o mesures precontractuals<\/p>\n<p><b>Termini de conservaci\u00f3<\/b>: el legalment establert<\/p>\n<p><b>Destinataris<\/b>: No se cediran dades a tercers, excepte obligaci\u00f3 legal o per a la prestaci\u00f3 del servei contractat<\/p>\n<p><b>Drets<\/b>: T\u00e9 dret a accedir, rectificar i suprimir les dades, aix\u00ed com altres drets, com s&rsquo;explica en la informaci\u00f3 addicional.<\/p>\n<p><b>Ubicaci\u00f3<\/b>: Pot consultar la informaci\u00f3 addicional i detallada sobre Protecci\u00f3 de Dades en l&rsquo;apartat AV\u00cdS LEGAL, situat en aquesta mateixa web<\/p>\n<\/p>\n<p><b>Responsable<\/b>:<\/p>\n<p><b> <\/b><\/p>\n<p><b>Titular<\/b>: OSG SERVEIS GRUP, S.L.U.<\/p>\n<p><b>C.I.F<\/b>: B17395781<\/p>\n<p><b>Domicili social<\/b>: Carrer Joan Torro i Cabratosa, 18 &#8211; 1 1C &#8211; 17005 &#8211; Girona &#8211; GIRONA, Girona<\/p>\n<p><b>E-mail<\/b>: lluissoler@osg.cat<\/p>\n<p><b>Tel\u00e8fon<\/b>: 972244824<\/p>\n<\/p>\n<p>OSG SERVEIS GRUP, S.L.U. \u00e9s el responsable del tractament de les dades personals i els informa que aquestes dades seran tractades de conformitat amb el que es disposa en el Reglament (UE) 2016\/679 de 27 d&rsquo;abril de 2016 (*GDPR), per la qual cosa se li facilita la seg\u00fcent informaci\u00f3 del tractament:<\/p>\n<p><b> <\/b><\/p>\n<p><b>Finalitat del tractament: <\/b><\/p>\n<p><b> <\/b><\/p>\n<ul>\n<li>La prestaci\u00f3 dels nostres serveis relacionats amb la construcci\u00f3, instal\u00b7lacions, reformes i obres en general.<\/li>\n<li>Donar resposta a les sol\u00b7licituds d&rsquo;informaci\u00f3 que ens faci arribar a trav\u00e9s dels formularis de contacte<\/li>\n<li>Enviar-li peri\u00f2dicament informaci\u00f3 sobre els nostres productes i\/o serveis, en cas de subscriure\u2019s a la nostra newsletter.<\/li>\n<\/ul>\n<div><span style=\"font-family: -apple-system, system-ui, Segoe UI, Roboto, Oxygen-Sans, Ubuntu, Cantarell, Helvetica Neue, sans-serif;\"> <\/span><\/div>\n<p>Les dades personals que l&rsquo;Usuari de la nostra web ens facilita mitjan\u00e7ant els formularis i funcionalitats habilitades en aquesta, seran tractats amb car\u00e0cter general amb la finalitat de facilitar la informaci\u00f3 sol\u00b7licitada pels Usuaris, atendre les seves consultes o sol\u00b7licituds, aix\u00ed com amb qualsevol altra finalitat a la qual es refereixin els formularis i funcionalitats ofertes a cada moment a trav\u00e9s de la web.<\/p>\n<\/p>\n<p><b>Legitimaci\u00f3: <\/b><\/p>\n<p><b> <\/b><\/p>\n<p>OSG SERVEIS GRUP, S.L.U., tractar\u00e0 les dades personals facilitades pel propi interessat per a donar resposta a la seva sol\u00b7licitud d&rsquo;informaci\u00f3, o per a la prestaci\u00f3 del servei sol\u00b7licitat, mitjan\u00e7ant el consentiment de l&rsquo;interessat. L&rsquo;usuari t\u00e9 dret a retirar el consentiment prestat en qualsevol moment. <\/p>\n<p>La base legal dels tractaments \u00e9s el consentiment atorgat pels Usuaris prestat mitjan\u00e7ant l&rsquo;acceptaci\u00f3 de la present Pol\u00edtica de Privacitat i les caselles corresponents.<\/p>\n<\/p>\n<p><b>Criteris de conservaci\u00f3 de les dades: <\/b><\/p>\n<p><b> <\/b><\/p>\n<p>Es conservaran mentre existeixi un inter\u00e8s mutu per a mantenir la fi del tractament i quan ja no sigui necessari per a tal fi, se suprimiran amb mesures de seguretat adequades per a garantir la pseudonimitzaci\u00f3 de les dades o la destrucci\u00f3 total d&rsquo;aquests.<\/p>\n<p><b> <\/b><\/p>\n<p><b>Destinataris: <\/b><\/p>\n<p><b> <\/b><\/p>\n<p>OSG SERVEIS GRUP, S.L.U. no cedir\u00e0 dades personals a tercers, excepte quan existeixi una obligaci\u00f3 legal sobre aquest tema o sigui necessari per a la prestaci\u00f3 del servei contractat per l\u2019usuari. En aquests casos, ens assegurem que els destinataris respecten la confidencialitat i compten amb les mesures adequades per a protegir les dades personals. <\/p>\n<p>Els prove\u00efdors de serveis externs amb els quals OSG SERVEIS GRUP, S.L.U. treballa, poden tenir acc\u00e9s a dades per a proporcionar els serveis corresponents, no obstant aix\u00f2, no usen aquesta informaci\u00f3 per a finalitats pr\u00f2pies o per a cessi\u00f3 a tercers.<\/p>\n<\/p>\n<p><b>Drets que assisteixen a l&rsquo;Interessat:<\/b><\/p>\n<p><b> <\/b><\/p>\n<ul>\n<li>Dret a retirar el consentiment en qualsevol moment.<\/li>\n<li>Dret d&rsquo;acc\u00e9s, rectificaci\u00f3, portabilitat i supressi\u00f3 de les seves dades i a la limitaci\u00f3 o oposici\u00f3 al seu tractament.<\/li>\n<li>Dret a presentar una reclamaci\u00f3 davant l&rsquo;Autoritat de control (www.agpd.es) si considera que el tractament no s&rsquo;ajusta a la normativa vigent.<\/li>\n<\/ul>\n<p><b> <\/b><\/p>\n<p><b>Dades de contacte del Responsable del Tractament, per a exercir els seus drets:<\/b><\/p>\n<p><b> <\/b><\/p>\n<ul>\n<li><b>Titular<\/b>: OSG SERVEIS GRUP, S.L.U.<\/li>\n<li><b>C.I.F<\/b>: B17395781<\/li>\n<li><b>Domicili social<\/b>: Carrer Joan Torro i Cabratosa, 18 &#8211; 1 1C &#8211; 17005 &#8211; Girona &#8211; GIRONA<\/li>\n<li><b>E-mail<\/b>: lluissoler@osg.cat<\/li>\n<li><b>Tel\u00e8fon<\/b>: 972244824<\/li>\n<\/ul>\n<div> <\/div>\n\t\t\t\t\t\t<\/div>\n\t\t\t\t<\/div>\n\t\t\t\t\t<\/div>\n\t\t<\/div>\n\t\t\t\t\t<\/div>\n\t\t<\/section>\n\t\t\t\t<section class=\"elementor-section elementor-top-section elementor-element elementor-element-e67d0f4 elementor-section-boxed elementor-section-height-default elementor-section-height-default\" data-id=\"e67d0f4\" data-element_type=\"section\">\n\t\t\t\t\t\t<div class=\"elementor-container elementor-column-gap-default\">\n\t\t\t\t\t<div class=\"elementor-column elementor-col-100 elementor-top-column elementor-element elementor-element-d618feb\" data-id=\"d618feb\" data-element_type=\"column\">\n\t\t\t<div class=\"elementor-widget-wrap elementor-element-populated\">\n\t\t\t\t\t\t<div class=\"elementor-element elementor-element-fb0e779 elementor-widget elementor-widget-spacer\" data-id=\"fb0e779\" data-element_type=\"widget\" data-widget_type=\"spacer.default\">\n\t\t\t\t<div class=\"elementor-widget-container\">\n\t\t\t\t\t<div class=\"elementor-spacer\">\n\t\t\t<div class=\"elementor-spacer-inner\"><\/div>\n\t\t<\/div>\n\t\t\t\t<\/div>\n\t\t\t\t<\/div>\n\t\t\t\t\t<\/div>\n\t\t<\/div>\n\t\t\t\t\t<\/div>\n\t\t<\/section>\n\t\t\t\t<section class=\"elementor-section elementor-top-section elementor-element elementor-element-31f7528 elementor-section-boxed elementor-section-height-default elementor-section-height-default\" data-id=\"31f7528\" data-element_type=\"section\">\n\t\t\t\t\t\t<div class=\"elementor-container elementor-column-gap-default\">\n\t\t\t\t\t<div class=\"elementor-column elementor-col-100 elementor-top-column elementor-element elementor-element-78178a2\" data-id=\"78178a2\" data-element_type=\"column\">\n\t\t\t<div class=\"elementor-widget-wrap elementor-element-populated\">\n\t\t\t\t\t\t<div class=\"elementor-element elementor-element-abc82a3 elementor-widget elementor-widget-spacer\" data-id=\"abc82a3\" data-element_type=\"widget\" data-widget_type=\"spacer.default\">\n\t\t\t\t<div class=\"elementor-widget-container\">\n\t\t\t\t\t<div class=\"elementor-spacer\">\n\t\t\t<div class=\"elementor-spacer-inner\"><\/div>\n\t\t<\/div>\n\t\t\t\t<\/div>\n\t\t\t\t<\/div>\n\t\t\t\t\t<\/div>\n\t\t<\/div>\n\t\t\t\t\t<\/div>\n\t\t<\/section>\n\t\t\t\t<\/div>\n\t\t","protected":false},"excerpt":{"rendered":"<p>POLITIQUE DE CONFIDENTIALIT\u00c9 INFORMACI\u00d3 B\u00c0SICA SOBRE PROTECCI\u00d3 DE DADES: Responsable: OSG SERVEIS GRUP, S.L.U. Finalitat: Informar-lo sobre els productes i serveis publicats en la nostra web Legitimaci\u00f3: per consentiment de l&rsquo;interessat i\/o mesures precontractuals Termini de conservaci\u00f3: el legalment establert Destinataris: No se cediran dades a tercers, excepte obligaci\u00f3 legal o per a la prestaci\u00f3&hellip; <a class=\"more-link\" href=\"https:\/\/renoreformae.com\/fr\/politique-de-confidentialite\/\">Poursuivre la lecture <span class=\"screen-reader-text\">Politique de confidentialit\u00e9<\/span><\/a><\/p>\n","protected":false},"author":1,"featured_media":0,"parent":0,"menu_order":0,"comment_status":"closed","ping_status":"closed","template":"elementor_header_footer","meta":{"footnotes":""},"class_list":["post-9494","page","type-page","status-publish","hentry","entry"],"yoast_head":"<!-- This site is optimized with the Yoast SEO plugin v26.1.1 - https:\/\/yoast.com\/wordpress\/plugins\/seo\/ -->\n<title>Politique de confidentialit\u00e9 - Renoreformae<\/title>\n<meta name=\"robots\" content=\"index, follow, max-snippet:-1, max-image-preview:large, max-video-preview:-1\" \/>\n<link rel=\"canonical\" href=\"https:\/\/renoreformae.com\/fr\/politique-de-confidentialite\/\" \/>\n<meta property=\"og:locale\" content=\"fr_FR\" \/>\n<meta property=\"og:type\" content=\"article\" \/>\n<meta property=\"og:title\" content=\"Politique de confidentialit\u00e9 - Renoreformae\" \/>\n<meta property=\"og:description\" content=\"POLITIQUE DE CONFIDENTIALIT\u00c9 INFORMACI\u00d3 B\u00c0SICA SOBRE PROTECCI\u00d3 DE DADES: Responsable: OSG SERVEIS GRUP, S.L.U. Finalitat: Informar-lo sobre els productes i serveis publicats en la nostra web Legitimaci\u00f3: per consentiment de l&rsquo;interessat i\/o mesures precontractuals Termini de conservaci\u00f3: el legalment establert Destinataris: No se cediran dades a tercers, excepte obligaci\u00f3 legal o per a la prestaci\u00f3&hellip; Poursuivre la lecture Politique de confidentialit\u00e9\" \/>\n<meta property=\"og:url\" content=\"https:\/\/renoreformae.com\/fr\/politique-de-confidentialite\/\" \/>\n<meta property=\"og:site_name\" content=\"Renoreformae\" \/>\n<meta property=\"article:modified_time\" content=\"2025-06-05T07:46:42+00:00\" \/>\n<meta name=\"twitter:card\" content=\"summary_large_image\" \/>\n<meta name=\"twitter:label1\" content=\"Dur\u00e9e de lecture estim\u00e9e\" \/>\n\t<meta name=\"twitter:data1\" content=\"3 minutes\" \/>\n<script type=\"application\/ld+json\" class=\"yoast-schema-graph\">{\"@context\":\"https:\/\/schema.org\",\"@graph\":[{\"@type\":\"WebPage\",\"@id\":\"https:\/\/renoreformae.com\/fr\/politique-de-confidentialite\/\",\"url\":\"https:\/\/renoreformae.com\/fr\/politique-de-confidentialite\/\",\"name\":\"Politique de confidentialit\u00e9 - Renoreformae\",\"isPartOf\":{\"@id\":\"https:\/\/renoreformae.com\/#website\"},\"datePublished\":\"2025-01-27T08:59:25+00:00\",\"dateModified\":\"2025-06-05T07:46:42+00:00\",\"breadcrumb\":{\"@id\":\"https:\/\/renoreformae.com\/fr\/politique-de-confidentialite\/#breadcrumb\"},\"inLanguage\":\"fr-FR\",\"potentialAction\":[{\"@type\":\"ReadAction\",\"target\":[\"https:\/\/renoreformae.com\/fr\/politique-de-confidentialite\/\"]}]},{\"@type\":\"BreadcrumbList\",\"@id\":\"https:\/\/renoreformae.com\/fr\/politique-de-confidentialite\/#breadcrumb\",\"itemListElement\":[{\"@type\":\"ListItem\",\"position\":1,\"name\":\"Portada\",\"item\":\"https:\/\/renoreformae.com\/fr\/homme\/\"},{\"@type\":\"ListItem\",\"position\":2,\"name\":\"Politique de confidentialit\u00e9\"}]},{\"@type\":\"WebSite\",\"@id\":\"https:\/\/renoreformae.com\/#website\",\"url\":\"https:\/\/renoreformae.com\/\",\"name\":\"Renoreformae - Reformes integrals de banys, cuines, locals i espais\",\"description\":\"renoreformae.com\",\"alternateName\":\"Renoreformae - Reformes integrals de banys, cuines, locals i espais\",\"potentialAction\":[{\"@type\":\"SearchAction\",\"target\":{\"@type\":\"EntryPoint\",\"urlTemplate\":\"https:\/\/renoreformae.com\/?s={search_term_string}\"},\"query-input\":{\"@type\":\"PropertyValueSpecification\",\"valueRequired\":true,\"valueName\":\"search_term_string\"}}],\"inLanguage\":\"fr-FR\"}]}<\/script>\n<!-- \/ Yoast SEO plugin. -->","yoast_head_json":{"title":"Politique de confidentialit\u00e9 - Renoreformae","robots":{"index":"index","follow":"follow","max-snippet":"max-snippet:-1","max-image-preview":"max-image-preview:large","max-video-preview":"max-video-preview:-1"},"canonical":"https:\/\/renoreformae.com\/fr\/politique-de-confidentialite\/","og_locale":"fr_FR","og_type":"article","og_title":"Politique de confidentialit\u00e9 - Renoreformae","og_description":"POLITIQUE DE CONFIDENTIALIT\u00c9 INFORMACI\u00d3 B\u00c0SICA SOBRE PROTECCI\u00d3 DE DADES: Responsable: OSG SERVEIS GRUP, S.L.U. Finalitat: Informar-lo sobre els productes i serveis publicats en la nostra web Legitimaci\u00f3: per consentiment de l&rsquo;interessat i\/o mesures precontractuals Termini de conservaci\u00f3: el legalment establert Destinataris: No se cediran dades a tercers, excepte obligaci\u00f3 legal o per a la prestaci\u00f3&hellip; Poursuivre la lecture Politique de confidentialit\u00e9","og_url":"https:\/\/renoreformae.com\/fr\/politique-de-confidentialite\/","og_site_name":"Renoreformae","article_modified_time":"2025-06-05T07:46:42+00:00","twitter_card":"summary_large_image","twitter_misc":{"Dur\u00e9e de lecture estim\u00e9e":"3 minutes"},"schema":{"@context":"https:\/\/schema.org","@graph":[{"@type":"WebPage","@id":"https:\/\/renoreformae.com\/fr\/politique-de-confidentialite\/","url":"https:\/\/renoreformae.com\/fr\/politique-de-confidentialite\/","name":"Politique de confidentialit\u00e9 - Renoreformae","isPartOf":{"@id":"https:\/\/renoreformae.com\/#website"},"datePublished":"2025-01-27T08:59:25+00:00","dateModified":"2025-06-05T07:46:42+00:00","breadcrumb":{"@id":"https:\/\/renoreformae.com\/fr\/politique-de-confidentialite\/#breadcrumb"},"inLanguage":"fr-FR","potentialAction":[{"@type":"ReadAction","target":["https:\/\/renoreformae.com\/fr\/politique-de-confidentialite\/"]}]},{"@type":"BreadcrumbList","@id":"https:\/\/renoreformae.com\/fr\/politique-de-confidentialite\/#breadcrumb","itemListElement":[{"@type":"ListItem","position":1,"name":"Portada","item":"https:\/\/renoreformae.com\/fr\/homme\/"},{"@type":"ListItem","position":2,"name":"Politique de confidentialit\u00e9"}]},{"@type":"WebSite","@id":"https:\/\/renoreformae.com\/#website","url":"https:\/\/renoreformae.com\/","name":"Renoreformae - Reformes integrals de banys, cuines, locals i espais","description":"renoreformae.com","alternateName":"Renoreformae - Reformes integrals de banys, cuines, locals i espais","potentialAction":[{"@type":"SearchAction","target":{"@type":"EntryPoint","urlTemplate":"https:\/\/renoreformae.com\/?s={search_term_string}"},"query-input":{"@type":"PropertyValueSpecification","valueRequired":true,"valueName":"search_term_string"}}],"inLanguage":"fr-FR"}]}},"_links":{"self":[{"href":"https:\/\/renoreformae.com\/fr\/wp-json\/wp\/v2\/pages\/9494","targetHints":{"allow":["GET"]}}],"collection":[{"href":"https:\/\/renoreformae.com\/fr\/wp-json\/wp\/v2\/pages"}],"about":[{"href":"https:\/\/renoreformae.com\/fr\/wp-json\/wp\/v2\/types\/page"}],"author":[{"embeddable":true,"href":"https:\/\/renoreformae.com\/fr\/wp-json\/wp\/v2\/users\/1"}],"replies":[{"embeddable":true,"href":"https:\/\/renoreformae.com\/fr\/wp-json\/wp\/v2\/comments?post=9494"}],"version-history":[{"count":6,"href":"https:\/\/renoreformae.com\/fr\/wp-json\/wp\/v2\/pages\/9494\/revisions"}],"predecessor-version":[{"id":10314,"href":"https:\/\/renoreformae.com\/fr\/wp-json\/wp\/v2\/pages\/9494\/revisions\/10314"}],"wp:attachment":[{"href":"https:\/\/renoreformae.com\/fr\/wp-json\/wp\/v2\/media?parent=9494"}],"curies":[{"name":"wp","href":"https:\/\/api.w.org\/{rel}","templated":true}]}}