{"id":9490,"date":"2025-01-27T08:59:24","date_gmt":"2025-01-27T08:59:24","guid":{"rendered":"https:\/\/renoreformae.com\/salles-de-bains\/"},"modified":"2025-01-30T14:15:09","modified_gmt":"2025-01-30T14:15:09","slug":"salles-de-bains","status":"publish","type":"page","link":"https:\/\/renoreformae.com\/fr\/salles-de-bains\/","title":{"rendered":"Salles de bains"},"content":{"rendered":"\t\t<div data-elementor-type=\"wp-page\" data-elementor-id=\"9490\" class=\"elementor elementor-9490 elementor-4524\" data-elementor-post-type=\"page\">\n\t\t\t\t\t\t<section class=\"elementor-section elementor-top-section elementor-element elementor-element-19ee474 elementor-section-full_width elementor-section-height-min-height animated-slow elementor-section-height-default elementor-section-items-middle elementor-invisible\" data-id=\"19ee474\" data-element_type=\"section\" data-settings=\"{&quot;background_background&quot;:&quot;classic&quot;,&quot;background_motion_fx_motion_fx_scrolling&quot;:&quot;yes&quot;,&quot;background_motion_fx_translateY_effect&quot;:&quot;yes&quot;,&quot;animation&quot;:&quot;fadeIn&quot;,&quot;animation_delay&quot;:50,&quot;background_motion_fx_translateY_speed&quot;:{&quot;unit&quot;:&quot;px&quot;,&quot;size&quot;:4,&quot;sizes&quot;:[]},&quot;background_motion_fx_translateY_affectedRange&quot;:{&quot;unit&quot;:&quot;%&quot;,&quot;size&quot;:&quot;&quot;,&quot;sizes&quot;:{&quot;start&quot;:0,&quot;end&quot;:100}},&quot;background_motion_fx_devices&quot;:[&quot;desktop&quot;,&quot;tablet&quot;,&quot;mobile&quot;]}\">\n\t\t\t\t\t\t\t<div class=\"elementor-background-overlay\"><\/div>\n\t\t\t\t\t\t\t<div class=\"elementor-container elementor-column-gap-default\">\n\t\t\t\t\t<div class=\"elementor-column elementor-col-100 elementor-top-column elementor-element elementor-element-d1929e6\" data-id=\"d1929e6\" data-element_type=\"column\" data-settings=\"{&quot;background_background&quot;:&quot;slideshow&quot;,&quot;background_slideshow_gallery&quot;:[],&quot;background_slideshow_loop&quot;:&quot;yes&quot;,&quot;background_slideshow_slide_duration&quot;:5000,&quot;background_slideshow_slide_transition&quot;:&quot;fade&quot;,&quot;background_slideshow_transition_duration&quot;:500}\">\n\t\t\t<div class=\"elementor-widget-wrap elementor-element-populated\">\n\t\t\t\t\t\t<section class=\"elementor-section elementor-inner-section elementor-element elementor-element-3a2815e elementor-section-full_width elementor-section-height-default elementor-section-height-default\" data-id=\"3a2815e\" data-element_type=\"section\">\n\t\t\t\t\t\t<div class=\"elementor-container elementor-column-gap-default\">\n\t\t\t\t\t<div class=\"elementor-column elementor-col-50 elementor-inner-column elementor-element elementor-element-46da215\" data-id=\"46da215\" data-element_type=\"column\">\n\t\t\t<div class=\"elementor-widget-wrap elementor-element-populated\">\n\t\t\t\t\t\t<div class=\"elementor-element elementor-element-3ad74c8 animated-slow elementor-invisible elementor-widget elementor-widget-heading\" data-id=\"3ad74c8\" data-element_type=\"widget\" data-settings=\"{&quot;_animation&quot;:&quot;fadeInLeft&quot;,&quot;_animation_delay&quot;:500}\" data-widget_type=\"heading.default\">\n\t\t\t\t<div class=\"elementor-widget-container\">\n\t\t\t<style>\/*! elementor - v3.22.0 - 26-06-2024 *\/\n.elementor-heading-title{padding:0;margin:0;line-height:1}.elementor-widget-heading .elementor-heading-title[class*=elementor-size-]>a{color:inherit;font-size:inherit;line-height:inherit}.elementor-widget-heading .elementor-heading-title.elementor-size-small{font-size:15px}.elementor-widget-heading .elementor-heading-title.elementor-size-medium{font-size:19px}.elementor-widget-heading .elementor-heading-title.elementor-size-large{font-size:29px}.elementor-widget-heading .elementor-heading-title.elementor-size-xl{font-size:39px}.elementor-widget-heading .elementor-heading-title.elementor-size-xxl{font-size:59px}<\/style><h2 class=\"elementor-heading-title elementor-size-default\">Salles de bains<\/h2>\t\t<\/div>\n\t\t\t\t<\/div>\n\t\t\t\t\t<\/div>\n\t\t<\/div>\n\t\t\t\t<div class=\"elementor-column elementor-col-50 elementor-inner-column elementor-element elementor-element-27a254b\" data-id=\"27a254b\" data-element_type=\"column\">\n\t\t\t<div class=\"elementor-widget-wrap\">\n\t\t\t\t\t\t\t<\/div>\n\t\t<\/div>\n\t\t\t\t\t<\/div>\n\t\t<\/section>\n\t\t\t\t\t<\/div>\n\t\t<\/div>\n\t\t\t\t\t<\/div>\n\t\t<\/section>\n\t\t\t\t<section class=\"elementor-section elementor-top-section elementor-element elementor-element-a93b27c elementor-section-boxed elementor-section-height-default elementor-section-height-default\" data-id=\"a93b27c\" data-element_type=\"section\">\n\t\t\t\t\t\t<div class=\"elementor-container elementor-column-gap-default\">\n\t\t\t\t\t<div class=\"elementor-column elementor-col-100 elementor-top-column elementor-element elementor-element-02a2329\" data-id=\"02a2329\" data-element_type=\"column\">\n\t\t\t<div class=\"elementor-widget-wrap elementor-element-populated\">\n\t\t\t\t\t\t<div class=\"elementor-element elementor-element-045ceba elementor-widget elementor-widget-spacer\" data-id=\"045ceba\" data-element_type=\"widget\" data-widget_type=\"spacer.default\">\n\t\t\t\t<div class=\"elementor-widget-container\">\n\t\t\t<style>\/*! elementor - v3.22.0 - 26-06-2024 *\/\n.elementor-column .elementor-spacer-inner{height:var(--spacer-size)}.e-con{--container-widget-width:100%}.e-con-inner>.elementor-widget-spacer,.e-con>.elementor-widget-spacer{width:var(--container-widget-width,var(--spacer-size));--align-self:var(--container-widget-align-self,initial);--flex-shrink:0}.e-con-inner>.elementor-widget-spacer>.elementor-widget-container,.e-con>.elementor-widget-spacer>.elementor-widget-container{height:100%;width:100%}.e-con-inner>.elementor-widget-spacer>.elementor-widget-container>.elementor-spacer,.e-con>.elementor-widget-spacer>.elementor-widget-container>.elementor-spacer{height:100%}.e-con-inner>.elementor-widget-spacer>.elementor-widget-container>.elementor-spacer>.elementor-spacer-inner,.e-con>.elementor-widget-spacer>.elementor-widget-container>.elementor-spacer>.elementor-spacer-inner{height:var(--container-widget-height,var(--spacer-size))}.e-con-inner>.elementor-widget-spacer.elementor-widget-empty,.e-con>.elementor-widget-spacer.elementor-widget-empty{position:relative;min-height:22px;min-width:22px}.e-con-inner>.elementor-widget-spacer.elementor-widget-empty .elementor-widget-empty-icon,.e-con>.elementor-widget-spacer.elementor-widget-empty .elementor-widget-empty-icon{position:absolute;top:0;bottom:0;left:0;right:0;margin:auto;padding:0;width:22px;height:22px}<\/style>\t\t<div class=\"elementor-spacer\">\n\t\t\t<div class=\"elementor-spacer-inner\"><\/div>\n\t\t<\/div>\n\t\t\t\t<\/div>\n\t\t\t\t<\/div>\n\t\t\t\t\t<\/div>\n\t\t<\/div>\n\t\t\t\t\t<\/div>\n\t\t<\/section>\n\t\t\t\t<section class=\"elementor-section elementor-top-section elementor-element elementor-element-2438b5c7 fredicalor_c elementor-section-boxed elementor-section-height-default elementor-section-height-default\" data-id=\"2438b5c7\" data-element_type=\"section\" id=\"calefaccio\">\n\t\t\t\t\t\t<div class=\"elementor-container elementor-column-gap-default\">\n\t\t\t\t\t<div class=\"elementor-column elementor-col-100 elementor-top-column elementor-element elementor-element-68e82fb0\" data-id=\"68e82fb0\" data-element_type=\"column\">\n\t\t\t<div class=\"elementor-widget-wrap elementor-element-populated\">\n\t\t\t\t\t\t<div class=\"elementor-element elementor-element-3f15e4b0 elementor-widget elementor-widget-heading\" data-id=\"3f15e4b0\" data-element_type=\"widget\" data-widget_type=\"heading.default\">\n\t\t\t\t<div class=\"elementor-widget-container\">\n\t\t\t<h3 class=\"elementor-heading-title elementor-size-default\">R\u00e9novation de salle de bain<\/h3>\t\t<\/div>\n\t\t\t\t<\/div>\n\t\t\t\t<div class=\"elementor-element elementor-element-3eb45683 elementor-widget elementor-widget-heading\" data-id=\"3eb45683\" data-element_type=\"widget\" data-widget_type=\"heading.default\">\n\t\t\t\t<div class=\"elementor-widget-container\">\n\t\t\t<h4 class=\"elementor-heading-title elementor-size-default\">R\u00e9novation de salles de bains \u00e0 G\u00e9rone et Barcelone. Reno Reformae, votre entreprise sp\u00e9cialis\u00e9e en r\u00e9novation. <\/h4>\t\t<\/div>\n\t\t\t\t<\/div>\n\t\t\t\t<div class=\"elementor-element elementor-element-1e79322d elementor-widget elementor-widget-text-editor\" data-id=\"1e79322d\" data-element_type=\"widget\" data-widget_type=\"text-editor.default\">\n\t\t\t\t<div class=\"elementor-widget-container\">\n\t\t\t<style>\/*! elementor - v3.22.0 - 26-06-2024 *\/\n.elementor-widget-text-editor.elementor-drop-cap-view-stacked .elementor-drop-cap{background-color:#69727d;color:#fff}.elementor-widget-text-editor.elementor-drop-cap-view-framed .elementor-drop-cap{color:#69727d;border:3px solid;background-color:transparent}.elementor-widget-text-editor:not(.elementor-drop-cap-view-default) .elementor-drop-cap{margin-top:8px}.elementor-widget-text-editor:not(.elementor-drop-cap-view-default) .elementor-drop-cap-letter{width:1em;height:1em}.elementor-widget-text-editor .elementor-drop-cap{float:left;text-align:center;line-height:1;font-size:50px}.elementor-widget-text-editor .elementor-drop-cap-letter{display:inline-block}<\/style>\t\t\t\t<p>Nous vous proposons un service complet pour transformer votre salle de bain avec un design moderne et des mat\u00e9riaux de qualit\u00e9. <br \/>Des r\u00e9novations compl\u00e8tes aux petits changements, nous proposons des solutions personnalis\u00e9es pour cr\u00e9er votre espace personnel.<\/p>\n<p>Avec des professionnels hautement qualifi\u00e9s agr\u00e9\u00e9s par le D\u00e9partement de l&rsquo;Industrie, nous garantissons une ex\u00e9cution de qualit\u00e9 avec les meilleures marques et mat\u00e9riaux. En mettant l&rsquo;accent sur l&rsquo;innovation, le design et l&rsquo;efficacit\u00e9, red\u00e9finissez votre salle de bain avec Reno Reformae. <\/p>\n\t\t\t\t\t\t<\/div>\n\t\t\t\t<\/div>\n\t\t\t\t\t<\/div>\n\t\t<\/div>\n\t\t\t\t\t<\/div>\n\t\t<\/section>\n\t\t\t\t<section class=\"elementor-section elementor-top-section elementor-element elementor-element-a631953 fredicalor_c elementor-section-boxed elementor-section-height-default elementor-section-height-default\" data-id=\"a631953\" data-element_type=\"section\">\n\t\t\t\t\t\t<div class=\"elementor-container elementor-column-gap-default\">\n\t\t\t\t\t<div class=\"elementor-column elementor-col-100 elementor-top-column elementor-element elementor-element-2e63354\" data-id=\"2e63354\" data-element_type=\"column\">\n\t\t\t<div class=\"elementor-widget-wrap elementor-element-populated\">\n\t\t\t\t\t\t<div class=\"elementor-element elementor-element-27ee3cc elementor-widget elementor-widget-text-editor\" data-id=\"27ee3cc\" data-element_type=\"widget\" data-widget_type=\"text-editor.default\">\n\t\t\t\t<div class=\"elementor-widget-container\">\n\t\t\t\t\t\t\t<p>\u00b7Meubles pour la salle de bain&nbsp; avec des designs modernes, traditionnels ou \u00e9clectiques<\/p>\n<p><i><\/i><span style=\"color: var( --e-global-color-text ); font-family: var( --e-global-typography-text-font-family ), Sans-serif;\">\u00b7&nbsp;&nbsp;<\/span><span style=\"color: var( --e-global-color-text ); font-family: var( --e-global-typography-text-font-family ), Sans-serif;\">&nbsp;<\/span> Sols et carrelages de haute qualit\u00e9 (Argenta, Mikonos, DurStone, Roca, Porcelanosa&#8230;.)<\/p>\n<p><i><\/i><span style=\"color: var( --e-global-color-text ); font-family: var( --e-global-typography-text-font-family ), Sans-serif;\">\u00b7<\/span><span style=\"color: var( --e-global-color-text ); font-family: var( --e-global-typography-text-font-family ), Sans-serif;\">&nbsp;&nbsp;<\/span> Pi\u00e8ces sanitaires&nbsp; et ensembles sanitaires de grandes marques (WC, receveurs de douche, lavabos, bidets, baignoires, parois de douche&#8230;)<\/p>\n<p><i><\/i><span style=\"color: var( --e-global-color-text ); font-family: var( --e-global-typography-text-font-family ), Sans-serif;\">\u00b7<\/span><span style=\"color: var( --e-global-color-text ); font-family: var( --e-global-typography-text-font-family ), Sans-serif;\">&nbsp;&nbsp;<\/span> Ensembles d&rsquo;\u00e9viers et de robinetterie de premi\u00e8re qualit\u00e9 en inox, chrome, ou r\u00e9sines haute r\u00e9sistance (Grohe, Teka, Cata, Roca, Tres, Smeg&#8230;)<\/p>\n<p><i><\/i><span style=\"color: var( --e-global-color-text ); font-family: var( --e-global-typography-text-font-family ), Sans-serif;\">\u00b7<\/span><span style=\"color: var( --e-global-color-text ); font-family: var( --e-global-typography-text-font-family ), Sans-serif;\">&nbsp;&nbsp;<\/span> Comptoirs de salle de bain en quartz, granite ou marbre.<\/p>\n<p><i><\/i><span style=\"color: var( --e-global-color-text ); font-family: var( --e-global-typography-text-font-family ), Sans-serif;\">\u00b7<\/span><span style=\"color: var( --e-global-color-text ); font-family: var( --e-global-typography-text-font-family ), Sans-serif;\">&nbsp;&nbsp;<\/span> Fausse lumi\u00e8re LED&nbsp;&nbsp;&nbsp; <span style=\"color: var( --e-global-color-text ); font-family: var( --e-global-typography-text-font-family ), Sans-serif;\">plafond&nbsp;&nbsp;<\/span> <span style=\"color: var( --e-global-color-text ); font-family: var( --e-global-typography-text-font-family ), Sans-serif;\">et meubles de salle de bains.<\/span><\/p>\n<p><i><\/i><span style=\"color: var( --e-global-color-text ); font-family: var( --e-global-typography-text-font-family ), Sans-serif;\">\u00b7<\/span><span style=\"color: var( --e-global-color-text ); font-family: var( --e-global-typography-text-font-family ), Sans-serif;\">&nbsp;&nbsp;<\/span> Extracteurs silencieux pour la salle de bain<\/p>\t\t\t\t\t\t<\/div>\n\t\t\t\t<\/div>\n\t\t\t\t<div class=\"elementor-element elementor-element-49a5bb8 elementor-widget elementor-widget-text-editor\" data-id=\"49a5bb8\" data-element_type=\"widget\" data-widget_type=\"text-editor.default\">\n\t\t\t\t<div class=\"elementor-widget-container\">\n\t\t\t\t\t\t\t<p>Innovation, design et qualit\u00e9. Tels sont nos objectifs pour r\u00e9aliser la salle de bain de vos r\u00eaves. <\/p>\n<p>Notre \u00e9quipe de designers s&rsquo;efforce de cr\u00e9er un projet garantissant l&rsquo;ad\u00e9quation \u00e0 votre espace et \u00e0 votre style, nous vous montrons \u00e9galement un rendu 3D afin que vous puissiez visualiser notre proposition.<\/p><\/p>\n\t\t\t\t\t\t<\/div>\n\t\t\t\t<\/div>\n\t\t\t\t<div class=\"elementor-element elementor-element-5b94507 elementor-widget elementor-widget-spacer\" data-id=\"5b94507\" data-element_type=\"widget\" data-widget_type=\"spacer.default\">\n\t\t\t\t<div class=\"elementor-widget-container\">\n\t\t\t\t\t<div class=\"elementor-spacer\">\n\t\t\t<div class=\"elementor-spacer-inner\"><\/div>\n\t\t<\/div>\n\t\t\t\t<\/div>\n\t\t\t\t<\/div>\n\t\t\t\t<div class=\"elementor-element elementor-element-8ad4673 elementor-widget elementor-widget-eael-creative-button\" data-id=\"8ad4673\" data-element_type=\"widget\" data-widget_type=\"eael-creative-button.default\">\n\t\t\t\t<div class=\"elementor-widget-container\">\n\t\t\t        <div class=\"eael-creative-button-wrapper\">\n\n            <a class=\"eael-creative-button eael-creative-button--default\" href=\"tel:+34972240100\" data-text=\"Appel!\">\n            \t    \n                <div class=\"creative-button-inner\">\n\n                                            <span class=\"eael-creative-button-icon-left\"><i aria-hidden=\"true\" class=\"fas fa-phone\"><\/i><\/span>                    \n                    <span class=\"cretive-button-text\">Appelez maintenant : 972 240 100<\/span>\n\n                                    <\/div>\n\t                        <\/a>\n        <\/div>\n        \t\t<\/div>\n\t\t\t\t<\/div>\n\t\t\t\t<div class=\"elementor-element elementor-element-7a0fc95 elementor-widget elementor-widget-heading\" data-id=\"7a0fc95\" data-element_type=\"widget\" data-widget_type=\"heading.default\">\n\t\t\t\t<div class=\"elementor-widget-container\">\n\t\t\t<h4 class=\"elementor-heading-title elementor-size-default\">ou vous pourriez aussi \u00eatre int\u00e9ress\u00e9<\/h4>\t\t<\/div>\n\t\t\t\t<\/div>\n\t\t\t\t<div class=\"elementor-element elementor-element-44c8396 elementor-widget elementor-widget-eael-creative-button\" data-id=\"44c8396\" data-element_type=\"widget\" data-widget_type=\"eael-creative-button.default\">\n\t\t\t\t<div class=\"elementor-widget-container\">\n\t\t\t        <div class=\"eael-creative-button-wrapper\">\n\n            <a class=\"eael-creative-button eael-creative-button--default\" href=\"http:\/\/renoreformae.com\/pressupost\/\" data-text=\"Appel!\">\n            \t    \n                <div class=\"creative-button-inner\">\n\n                                            <span class=\"eael-creative-button-icon-left\"><i aria-hidden=\"true\" class=\"far fa-file-powerpoint\"><\/i><\/span>                    \n                    <span class=\"cretive-button-text\">Demandez un devis<\/span>\n\n                                    <\/div>\n\t                        <\/a>\n        <\/div>\n        \t\t<\/div>\n\t\t\t\t<\/div>\n\t\t\t\t<div class=\"elementor-element elementor-element-7168429 elementor-widget elementor-widget-spacer\" data-id=\"7168429\" data-element_type=\"widget\" data-widget_type=\"spacer.default\">\n\t\t\t\t<div class=\"elementor-widget-container\">\n\t\t\t\t\t<div class=\"elementor-spacer\">\n\t\t\t<div class=\"elementor-spacer-inner\"><\/div>\n\t\t<\/div>\n\t\t\t\t<\/div>\n\t\t\t\t<\/div>\n\t\t\t\t\t<\/div>\n\t\t<\/div>\n\t\t\t\t\t<\/div>\n\t\t<\/section>\n\t\t\t\t<section class=\"elementor-section elementor-top-section elementor-element elementor-element-5ba5e42 elementor-reverse-tablet elementor-reverse-mobile elementor-section-boxed elementor-section-height-default elementor-section-height-default\" data-id=\"5ba5e42\" data-element_type=\"section\" data-settings=\"{&quot;background_background&quot;:&quot;classic&quot;}\">\n\t\t\t\t\t\t<div class=\"elementor-container elementor-column-gap-default\">\n\t\t\t\t\t<div class=\"elementor-column elementor-col-100 elementor-top-column elementor-element elementor-element-07f7dfd\" data-id=\"07f7dfd\" data-element_type=\"column\">\n\t\t\t<div class=\"elementor-widget-wrap elementor-element-populated\">\n\t\t\t\t\t\t<div class=\"elementor-element elementor-element-8cdfff4 elementor-widget elementor-widget-heading\" data-id=\"8cdfff4\" data-element_type=\"widget\" data-widget_type=\"heading.default\">\n\t\t\t\t<div class=\"elementor-widget-container\">\n\t\t\t<h3 class=\"elementor-heading-title elementor-size-default\">Projets r\u00e9alis\u00e9s<\/h3>\t\t<\/div>\n\t\t\t\t<\/div>\n\t\t\t\t\t<\/div>\n\t\t<\/div>\n\t\t\t\t\t<\/div>\n\t\t<\/section>\n\t\t\t\t<section class=\"elementor-section elementor-top-section elementor-element elementor-element-7c05cfa elementor-section-boxed elementor-section-height-default elementor-section-height-default\" data-id=\"7c05cfa\" data-element_type=\"section\">\n\t\t\t\t\t\t<div class=\"elementor-container elementor-column-gap-default\">\n\t\t\t\t\t<div class=\"elementor-column elementor-col-100 elementor-top-column elementor-element elementor-element-9662814\" data-id=\"9662814\" data-element_type=\"column\">\n\t\t\t<div class=\"elementor-widget-wrap\">\n\t\t\t\t\t\t\t<\/div>\n\t\t<\/div>\n\t\t\t\t\t<\/div>\n\t\t<\/section>\n\t\t\t\t<\/div>\n\t\t","protected":false},"excerpt":{"rendered":"<p>Salles de bains R\u00e9novation de salle de bain R\u00e9novation de salles de bains \u00e0 G\u00e9rone et Barcelone. Reno Reformae, votre entreprise sp\u00e9cialis\u00e9e en r\u00e9novation. Nous vous proposons un service complet pour transformer votre salle de bain avec un design moderne et des mat\u00e9riaux de qualit\u00e9. Des r\u00e9novations compl\u00e8tes aux petits changements, nous proposons des solutions&hellip; <a class=\"more-link\" href=\"https:\/\/renoreformae.com\/fr\/salles-de-bains\/\">Poursuivre la lecture <span class=\"screen-reader-text\">Salles de bains<\/span><\/a><\/p>\n","protected":false},"author":1,"featured_media":0,"parent":0,"menu_order":0,"comment_status":"closed","ping_status":"closed","template":"","meta":{"footnotes":""},"class_list":["post-9490","page","type-page","status-publish","hentry","entry"],"yoast_head":"<!-- This site is optimized with the Yoast SEO plugin v26.1.1 - https:\/\/yoast.com\/wordpress\/plugins\/seo\/ -->\n<title>Salles de bains - Renoreformae<\/title>\n<meta name=\"robots\" content=\"index, follow, max-snippet:-1, max-image-preview:large, max-video-preview:-1\" \/>\n<link rel=\"canonical\" href=\"https:\/\/renoreformae.com\/fr\/salles-de-bains\/\" \/>\n<meta property=\"og:locale\" content=\"fr_FR\" \/>\n<meta property=\"og:type\" content=\"article\" \/>\n<meta property=\"og:title\" content=\"Salles de bains - Renoreformae\" \/>\n<meta property=\"og:description\" content=\"Salles de bains R\u00e9novation de salle de bain R\u00e9novation de salles de bains \u00e0 G\u00e9rone et Barcelone. Reno Reformae, votre entreprise sp\u00e9cialis\u00e9e en r\u00e9novation. Nous vous proposons un service complet pour transformer votre salle de bain avec un design moderne et des mat\u00e9riaux de qualit\u00e9. Des r\u00e9novations compl\u00e8tes aux petits changements, nous proposons des solutions&hellip; Poursuivre la lecture Salles de bains\" \/>\n<meta property=\"og:url\" content=\"https:\/\/renoreformae.com\/fr\/salles-de-bains\/\" \/>\n<meta property=\"og:site_name\" content=\"Renoreformae\" \/>\n<meta property=\"article:modified_time\" content=\"2025-01-30T14:15:09+00:00\" \/>\n<meta name=\"twitter:card\" content=\"summary_large_image\" \/>\n<meta name=\"twitter:label1\" content=\"Dur\u00e9e de lecture estim\u00e9e\" \/>\n\t<meta name=\"twitter:data1\" content=\"1 minute\" \/>\n<script type=\"application\/ld+json\" class=\"yoast-schema-graph\">{\"@context\":\"https:\/\/schema.org\",\"@graph\":[{\"@type\":\"WebPage\",\"@id\":\"https:\/\/renoreformae.com\/fr\/salles-de-bains\/\",\"url\":\"https:\/\/renoreformae.com\/fr\/salles-de-bains\/\",\"name\":\"Salles de bains - Renoreformae\",\"isPartOf\":{\"@id\":\"https:\/\/renoreformae.com\/#website\"},\"datePublished\":\"2025-01-27T08:59:24+00:00\",\"dateModified\":\"2025-01-30T14:15:09+00:00\",\"breadcrumb\":{\"@id\":\"https:\/\/renoreformae.com\/fr\/salles-de-bains\/#breadcrumb\"},\"inLanguage\":\"fr-FR\",\"potentialAction\":[{\"@type\":\"ReadAction\",\"target\":[\"https:\/\/renoreformae.com\/fr\/salles-de-bains\/\"]}]},{\"@type\":\"BreadcrumbList\",\"@id\":\"https:\/\/renoreformae.com\/fr\/salles-de-bains\/#breadcrumb\",\"itemListElement\":[{\"@type\":\"ListItem\",\"position\":1,\"name\":\"Portada\",\"item\":\"https:\/\/renoreformae.com\/fr\/homme\/\"},{\"@type\":\"ListItem\",\"position\":2,\"name\":\"Salles de bains\"}]},{\"@type\":\"WebSite\",\"@id\":\"https:\/\/renoreformae.com\/#website\",\"url\":\"https:\/\/renoreformae.com\/\",\"name\":\"Renoreformae - Reformes integrals de banys, cuines, locals i espais\",\"description\":\"renoreformae.com\",\"alternateName\":\"Renoreformae - Reformes integrals de banys, cuines, locals i espais\",\"potentialAction\":[{\"@type\":\"SearchAction\",\"target\":{\"@type\":\"EntryPoint\",\"urlTemplate\":\"https:\/\/renoreformae.com\/?s={search_term_string}\"},\"query-input\":{\"@type\":\"PropertyValueSpecification\",\"valueRequired\":true,\"valueName\":\"search_term_string\"}}],\"inLanguage\":\"fr-FR\"}]}<\/script>\n<!-- \/ Yoast SEO plugin. -->","yoast_head_json":{"title":"Salles de bains - Renoreformae","robots":{"index":"index","follow":"follow","max-snippet":"max-snippet:-1","max-image-preview":"max-image-preview:large","max-video-preview":"max-video-preview:-1"},"canonical":"https:\/\/renoreformae.com\/fr\/salles-de-bains\/","og_locale":"fr_FR","og_type":"article","og_title":"Salles de bains - Renoreformae","og_description":"Salles de bains R\u00e9novation de salle de bain R\u00e9novation de salles de bains \u00e0 G\u00e9rone et Barcelone. Reno Reformae, votre entreprise sp\u00e9cialis\u00e9e en r\u00e9novation. Nous vous proposons un service complet pour transformer votre salle de bain avec un design moderne et des mat\u00e9riaux de qualit\u00e9. Des r\u00e9novations compl\u00e8tes aux petits changements, nous proposons des solutions&hellip; Poursuivre la lecture Salles de bains","og_url":"https:\/\/renoreformae.com\/fr\/salles-de-bains\/","og_site_name":"Renoreformae","article_modified_time":"2025-01-30T14:15:09+00:00","twitter_card":"summary_large_image","twitter_misc":{"Dur\u00e9e de lecture estim\u00e9e":"1 minute"},"schema":{"@context":"https:\/\/schema.org","@graph":[{"@type":"WebPage","@id":"https:\/\/renoreformae.com\/fr\/salles-de-bains\/","url":"https:\/\/renoreformae.com\/fr\/salles-de-bains\/","name":"Salles de bains - Renoreformae","isPartOf":{"@id":"https:\/\/renoreformae.com\/#website"},"datePublished":"2025-01-27T08:59:24+00:00","dateModified":"2025-01-30T14:15:09+00:00","breadcrumb":{"@id":"https:\/\/renoreformae.com\/fr\/salles-de-bains\/#breadcrumb"},"inLanguage":"fr-FR","potentialAction":[{"@type":"ReadAction","target":["https:\/\/renoreformae.com\/fr\/salles-de-bains\/"]}]},{"@type":"BreadcrumbList","@id":"https:\/\/renoreformae.com\/fr\/salles-de-bains\/#breadcrumb","itemListElement":[{"@type":"ListItem","position":1,"name":"Portada","item":"https:\/\/renoreformae.com\/fr\/homme\/"},{"@type":"ListItem","position":2,"name":"Salles de bains"}]},{"@type":"WebSite","@id":"https:\/\/renoreformae.com\/#website","url":"https:\/\/renoreformae.com\/","name":"Renoreformae - Reformes integrals de banys, cuines, locals i espais","description":"renoreformae.com","alternateName":"Renoreformae - Reformes integrals de banys, cuines, locals i espais","potentialAction":[{"@type":"SearchAction","target":{"@type":"EntryPoint","urlTemplate":"https:\/\/renoreformae.com\/?s={search_term_string}"},"query-input":{"@type":"PropertyValueSpecification","valueRequired":true,"valueName":"search_term_string"}}],"inLanguage":"fr-FR"}]}},"_links":{"self":[{"href":"https:\/\/renoreformae.com\/fr\/wp-json\/wp\/v2\/pages\/9490","targetHints":{"allow":["GET"]}}],"collection":[{"href":"https:\/\/renoreformae.com\/fr\/wp-json\/wp\/v2\/pages"}],"about":[{"href":"https:\/\/renoreformae.com\/fr\/wp-json\/wp\/v2\/types\/page"}],"author":[{"embeddable":true,"href":"https:\/\/renoreformae.com\/fr\/wp-json\/wp\/v2\/users\/1"}],"replies":[{"embeddable":true,"href":"https:\/\/renoreformae.com\/fr\/wp-json\/wp\/v2\/comments?post=9490"}],"version-history":[{"count":5,"href":"https:\/\/renoreformae.com\/fr\/wp-json\/wp\/v2\/pages\/9490\/revisions"}],"predecessor-version":[{"id":9886,"href":"https:\/\/renoreformae.com\/fr\/wp-json\/wp\/v2\/pages\/9490\/revisions\/9886"}],"wp:attachment":[{"href":"https:\/\/renoreformae.com\/fr\/wp-json\/wp\/v2\/media?parent=9490"}],"curies":[{"name":"wp","href":"https:\/\/api.w.org\/{rel}","templated":true}]}}