{"id":9476,"date":"2025-01-27T08:59:20","date_gmt":"2025-01-27T08:59:20","guid":{"rendered":"https:\/\/renoreformae.com\/qui-nous-sommes\/"},"modified":"2025-01-30T11:52:08","modified_gmt":"2025-01-30T11:52:08","slug":"qui-nous-sommes","status":"publish","type":"page","link":"https:\/\/renoreformae.com\/fr\/qui-nous-sommes\/","title":{"rendered":"Qui nous sommes"},"content":{"rendered":"\t\t<div data-elementor-type=\"wp-page\" data-elementor-id=\"9476\" class=\"elementor elementor-9476 elementor-579\" data-elementor-post-type=\"page\">\n\t\t\t\t\t\t<section class=\"elementor-section elementor-top-section elementor-element elementor-element-d3b4ce0 elementor-section-full_width elementor-section-height-min-height animated-slow elementor-section-height-default elementor-section-items-middle elementor-invisible\" data-id=\"d3b4ce0\" data-element_type=\"section\" data-settings=\"{&quot;background_background&quot;:&quot;classic&quot;,&quot;background_motion_fx_motion_fx_scrolling&quot;:&quot;yes&quot;,&quot;background_motion_fx_translateY_effect&quot;:&quot;yes&quot;,&quot;animation&quot;:&quot;fadeIn&quot;,&quot;animation_delay&quot;:50,&quot;background_motion_fx_translateY_speed&quot;:{&quot;unit&quot;:&quot;px&quot;,&quot;size&quot;:4,&quot;sizes&quot;:[]},&quot;background_motion_fx_translateY_affectedRange&quot;:{&quot;unit&quot;:&quot;%&quot;,&quot;size&quot;:&quot;&quot;,&quot;sizes&quot;:{&quot;start&quot;:0,&quot;end&quot;:100}},&quot;background_motion_fx_devices&quot;:[&quot;desktop&quot;,&quot;tablet&quot;,&quot;mobile&quot;]}\">\n\t\t\t\t\t\t\t<div class=\"elementor-background-overlay\"><\/div>\n\t\t\t\t\t\t\t<div class=\"elementor-container elementor-column-gap-default\">\n\t\t\t\t\t<div class=\"elementor-column elementor-col-100 elementor-top-column elementor-element elementor-element-6657307\" data-id=\"6657307\" data-element_type=\"column\">\n\t\t\t<div class=\"elementor-widget-wrap elementor-element-populated\">\n\t\t\t\t\t\t<section class=\"elementor-section elementor-inner-section elementor-element elementor-element-cb8234f elementor-section-full_width elementor-section-height-default elementor-section-height-default\" data-id=\"cb8234f\" data-element_type=\"section\">\n\t\t\t\t\t\t<div class=\"elementor-container elementor-column-gap-default\">\n\t\t\t\t\t<div class=\"elementor-column elementor-col-50 elementor-inner-column elementor-element elementor-element-7ab5c1a\" data-id=\"7ab5c1a\" data-element_type=\"column\">\n\t\t\t<div class=\"elementor-widget-wrap elementor-element-populated\">\n\t\t\t\t\t\t<div class=\"elementor-element elementor-element-651be3a animated-slow elementor-invisible elementor-widget elementor-widget-heading\" data-id=\"651be3a\" data-element_type=\"widget\" data-settings=\"{&quot;_animation&quot;:&quot;fadeInLeft&quot;,&quot;_animation_delay&quot;:500}\" data-widget_type=\"heading.default\">\n\t\t\t\t<div class=\"elementor-widget-container\">\n\t\t\t<style>\/*! elementor - v3.22.0 - 26-06-2024 *\/\n.elementor-heading-title{padding:0;margin:0;line-height:1}.elementor-widget-heading .elementor-heading-title[class*=elementor-size-]>a{color:inherit;font-size:inherit;line-height:inherit}.elementor-widget-heading .elementor-heading-title.elementor-size-small{font-size:15px}.elementor-widget-heading .elementor-heading-title.elementor-size-medium{font-size:19px}.elementor-widget-heading .elementor-heading-title.elementor-size-large{font-size:29px}.elementor-widget-heading .elementor-heading-title.elementor-size-xl{font-size:39px}.elementor-widget-heading .elementor-heading-title.elementor-size-xxl{font-size:59px}<\/style><h2 class=\"elementor-heading-title elementor-size-default\">OSG Serveis Grup<br>est une entreprise<br>services complets<\/h2>\t\t<\/div>\n\t\t\t\t<\/div>\n\t\t\t\t\t<\/div>\n\t\t<\/div>\n\t\t\t\t<div class=\"elementor-column elementor-col-50 elementor-inner-column elementor-element elementor-element-1dc53e0\" data-id=\"1dc53e0\" data-element_type=\"column\">\n\t\t\t<div class=\"elementor-widget-wrap\">\n\t\t\t\t\t\t\t<\/div>\n\t\t<\/div>\n\t\t\t\t\t<\/div>\n\t\t<\/section>\n\t\t\t\t\t<\/div>\n\t\t<\/div>\n\t\t\t\t\t<\/div>\n\t\t<\/section>\n\t\t\t\t<section class=\"elementor-section elementor-top-section elementor-element elementor-element-32a9aa9 elementor-section-boxed elementor-section-height-default elementor-section-height-default\" data-id=\"32a9aa9\" data-element_type=\"section\">\n\t\t\t\t\t\t<div class=\"elementor-container elementor-column-gap-default\">\n\t\t\t\t\t<div class=\"elementor-column elementor-col-100 elementor-top-column elementor-element elementor-element-071d245\" data-id=\"071d245\" data-element_type=\"column\">\n\t\t\t<div class=\"elementor-widget-wrap elementor-element-populated\">\n\t\t\t\t\t\t<div class=\"elementor-element elementor-element-9a41db5 elementor-widget elementor-widget-spacer\" data-id=\"9a41db5\" data-element_type=\"widget\" data-widget_type=\"spacer.default\">\n\t\t\t\t<div class=\"elementor-widget-container\">\n\t\t\t<style>\/*! elementor - v3.22.0 - 26-06-2024 *\/\n.elementor-column .elementor-spacer-inner{height:var(--spacer-size)}.e-con{--container-widget-width:100%}.e-con-inner>.elementor-widget-spacer,.e-con>.elementor-widget-spacer{width:var(--container-widget-width,var(--spacer-size));--align-self:var(--container-widget-align-self,initial);--flex-shrink:0}.e-con-inner>.elementor-widget-spacer>.elementor-widget-container,.e-con>.elementor-widget-spacer>.elementor-widget-container{height:100%;width:100%}.e-con-inner>.elementor-widget-spacer>.elementor-widget-container>.elementor-spacer,.e-con>.elementor-widget-spacer>.elementor-widget-container>.elementor-spacer{height:100%}.e-con-inner>.elementor-widget-spacer>.elementor-widget-container>.elementor-spacer>.elementor-spacer-inner,.e-con>.elementor-widget-spacer>.elementor-widget-container>.elementor-spacer>.elementor-spacer-inner{height:var(--container-widget-height,var(--spacer-size))}.e-con-inner>.elementor-widget-spacer.elementor-widget-empty,.e-con>.elementor-widget-spacer.elementor-widget-empty{position:relative;min-height:22px;min-width:22px}.e-con-inner>.elementor-widget-spacer.elementor-widget-empty .elementor-widget-empty-icon,.e-con>.elementor-widget-spacer.elementor-widget-empty .elementor-widget-empty-icon{position:absolute;top:0;bottom:0;left:0;right:0;margin:auto;padding:0;width:22px;height:22px}<\/style>\t\t<div class=\"elementor-spacer\">\n\t\t\t<div class=\"elementor-spacer-inner\"><\/div>\n\t\t<\/div>\n\t\t\t\t<\/div>\n\t\t\t\t<\/div>\n\t\t\t\t\t<\/div>\n\t\t<\/div>\n\t\t\t\t\t<\/div>\n\t\t<\/section>\n\t\t\t\t<section class=\"elementor-section elementor-top-section elementor-element elementor-element-0aad913 elementor-section-boxed elementor-section-height-default elementor-section-height-default\" data-id=\"0aad913\" data-element_type=\"section\">\n\t\t\t\t\t\t<div class=\"elementor-container elementor-column-gap-default\">\n\t\t\t\t\t<div class=\"elementor-column elementor-col-100 elementor-top-column elementor-element elementor-element-03ea480\" data-id=\"03ea480\" data-element_type=\"column\">\n\t\t\t<div class=\"elementor-widget-wrap elementor-element-populated\">\n\t\t\t\t\t\t<div class=\"elementor-element elementor-element-da97eba animated-slow elementor-invisible elementor-widget elementor-widget-heading\" data-id=\"da97eba\" data-element_type=\"widget\" data-settings=\"{&quot;_animation&quot;:&quot;fadeInUp&quot;,&quot;_animation_delay&quot;:100}\" data-widget_type=\"heading.default\">\n\t\t\t\t<div class=\"elementor-widget-container\">\n\t\t\t<h3 class=\"elementor-heading-title elementor-size-default\">Qui nous sommes<\/h3>\t\t<\/div>\n\t\t\t\t<\/div>\n\t\t\t\t<div class=\"elementor-element elementor-element-695a1aa elementor-widget elementor-widget-spacer\" data-id=\"695a1aa\" data-element_type=\"widget\" data-widget_type=\"spacer.default\">\n\t\t\t\t<div class=\"elementor-widget-container\">\n\t\t\t\t\t<div class=\"elementor-spacer\">\n\t\t\t<div class=\"elementor-spacer-inner\"><\/div>\n\t\t<\/div>\n\t\t\t\t<\/div>\n\t\t\t\t<\/div>\n\t\t\t\t<div class=\"elementor-element elementor-element-e530d47 animated-slow elementor-invisible elementor-widget elementor-widget-text-editor\" data-id=\"e530d47\" data-element_type=\"widget\" data-settings=\"{&quot;_animation&quot;:&quot;fadeInUp&quot;,&quot;_animation_delay&quot;:300}\" data-widget_type=\"text-editor.default\">\n\t\t\t\t<div class=\"elementor-widget-container\">\n\t\t\t<style>\/*! elementor - v3.22.0 - 26-06-2024 *\/\n.elementor-widget-text-editor.elementor-drop-cap-view-stacked .elementor-drop-cap{background-color:#69727d;color:#fff}.elementor-widget-text-editor.elementor-drop-cap-view-framed .elementor-drop-cap{color:#69727d;border:3px solid;background-color:transparent}.elementor-widget-text-editor:not(.elementor-drop-cap-view-default) .elementor-drop-cap{margin-top:8px}.elementor-widget-text-editor:not(.elementor-drop-cap-view-default) .elementor-drop-cap-letter{width:1em;height:1em}.elementor-widget-text-editor .elementor-drop-cap{float:left;text-align:center;line-height:1;font-size:50px}.elementor-widget-text-editor .elementor-drop-cap-letter{display:inline-block}<\/style>\t\t\t\t<p><span style=\"font-weight: 400;\">OSG Serveis Grup est une entreprise fond\u00e9e en 1994 et son activit\u00e9 est le secteur des services.<\/span><\/p>\n<p><span style=\"font-weight: 400;\">Travaux, Canalisation, Travaux Publics, \u00c9chafaudages et Installations, sont ses principaux secteurs d&rsquo;activit\u00e9 depuis sa cr\u00e9ation.<\/span><\/p>\n<p><span style=\"font-weight: 400;\">Au fil du temps, nous sp\u00e9cialisons et augmentons les services dans chacune de nos lignes et cr\u00e9ons de nouvelles lignes, telles que l&rsquo;\u00c9nergie, les R\u00e9formes, les Grandes Maisons et l&rsquo;Entretien.<\/span><\/p>\n<p><span style=\"font-weight: 400;\">Notre zone de travail est la province de G\u00e9rone et Barcelone. <\/span><\/p>\n<p><span style=\"font-weight: 400;\">Nous avons des d\u00e9l\u00e9gations \u00e0 Vic, Olot, Sant Feliu et Montacada et notre si\u00e8ge central \u00e0 G\u00e9rone.<\/span><\/p>\n<p><span style=\"font-weight: 400;\">Nous disposons actuellement des certificats<\/span> <a href=\"http:\/\/renoreformae.com\/wp-content\/uploads\/2021\/iso\/ISO-9001-2015-ES20-208469-20241005.pdf\"><span style=\"font-weight: 400;\">ISO-9001<\/span><\/a> <span style=\"font-weight: 400;\">,<\/span> <a href=\"http:\/\/renoreformae.com\/wp-content\/uploads\/2021\/iso\/ISO-14001-2015-ES20-208470-20241005.pdf\"><span style=\"font-weight: 400;\">ISO-14001<\/span><\/a> <span style=\"font-weight: 400;\">,<\/span> <a href=\"http:\/\/renoreformae.com\/wp-content\/uploads\/2021\/iso\/ISO-45001-2018-ES20-208471-20241005.pdf\"><span style=\"font-weight: 400;\">ISO 45001<\/span><\/a> <span style=\"font-weight: 400;\">, UNE-166002 pour Aenor et de l&rsquo;enregistrement du plan d&rsquo;\u00e9galit\u00e9 pour la Generalitat de Catalunya.<\/span><\/p><\/p>\n\t\t\t\t\t\t<\/div>\n\t\t\t\t<\/div>\n\t\t\t\t\t<\/div>\n\t\t<\/div>\n\t\t\t\t\t<\/div>\n\t\t<\/section>\n\t\t\t\t<section class=\"elementor-section elementor-top-section elementor-element elementor-element-32a18a6 elementor-section-boxed elementor-section-height-default elementor-section-height-default\" data-id=\"32a18a6\" data-element_type=\"section\">\n\t\t\t\t\t\t<div class=\"elementor-container elementor-column-gap-default\">\n\t\t\t\t\t<div class=\"elementor-column elementor-col-100 elementor-top-column elementor-element elementor-element-ed2c68f\" data-id=\"ed2c68f\" data-element_type=\"column\">\n\t\t\t<div class=\"elementor-widget-wrap elementor-element-populated\">\n\t\t\t\t\t\t<div class=\"elementor-element elementor-element-547e031 elementor-widget elementor-widget-spacer\" data-id=\"547e031\" data-element_type=\"widget\" data-widget_type=\"spacer.default\">\n\t\t\t\t<div class=\"elementor-widget-container\">\n\t\t\t\t\t<div class=\"elementor-spacer\">\n\t\t\t<div class=\"elementor-spacer-inner\"><\/div>\n\t\t<\/div>\n\t\t\t\t<\/div>\n\t\t\t\t<\/div>\n\t\t\t\t\t<\/div>\n\t\t<\/div>\n\t\t\t\t\t<\/div>\n\t\t<\/section>\n\t\t\t\t<section class=\"elementor-section elementor-top-section elementor-element elementor-element-9c8e8c0 elementor-section-boxed elementor-section-height-default elementor-section-height-default\" data-id=\"9c8e8c0\" data-element_type=\"section\">\n\t\t\t\t\t\t<div class=\"elementor-container elementor-column-gap-default\">\n\t\t\t\t\t<div class=\"elementor-column elementor-col-20 elementor-top-column elementor-element elementor-element-a853d04\" data-id=\"a853d04\" data-element_type=\"column\">\n\t\t\t<div class=\"elementor-widget-wrap elementor-element-populated\">\n\t\t\t\t\t\t<div class=\"elementor-element elementor-element-996049f animated-slow elementor-invisible elementor-widget elementor-widget-image\" data-id=\"996049f\" data-element_type=\"widget\" data-settings=\"{&quot;_animation&quot;:&quot;fadeInLeft&quot;,&quot;_animation_delay&quot;:200}\" data-widget_type=\"image.default\">\n\t\t\t\t<div class=\"elementor-widget-container\">\n\t\t\t<style>\/*! elementor - v3.22.0 - 26-06-2024 *\/\n.elementor-widget-image{text-align:center}.elementor-widget-image a{display:inline-block}.elementor-widget-image a img[src$=\".svg\"]{width:48px}.elementor-widget-image img{vertical-align:middle;display:inline-block}<\/style>\t\t\t\t\t\t\t\t\t\t<img fetchpriority=\"high\" decoding=\"async\" width=\"300\" height=\"225\" src=\"https:\/\/renoreformae.com\/wp-content\/uploads\/2021\/11\/nau-central-300x225-1.jpg\" class=\"attachment-large size-large wp-image-555\" alt=\"\" style=\"width:100%;height:75%;max-width:300px\" \/>\t\t\t\t\t\t\t\t\t\t\t\t\t<\/div>\n\t\t\t\t<\/div>\n\t\t\t\t\t<\/div>\n\t\t<\/div>\n\t\t\t\t<div class=\"elementor-column elementor-col-20 elementor-top-column elementor-element elementor-element-b1f32d0\" data-id=\"b1f32d0\" data-element_type=\"column\">\n\t\t\t<div class=\"elementor-widget-wrap elementor-element-populated\">\n\t\t\t\t\t\t<div class=\"elementor-element elementor-element-e42f2d9 animated-slow elementor-invisible elementor-widget elementor-widget-image\" data-id=\"e42f2d9\" data-element_type=\"widget\" data-settings=\"{&quot;_animation&quot;:&quot;fadeInLeft&quot;,&quot;_animation_delay&quot;:400}\" data-widget_type=\"image.default\">\n\t\t\t\t<div class=\"elementor-widget-container\">\n\t\t\t\t\t\t\t\t\t\t\t\t\t<img decoding=\"async\" width=\"300\" height=\"225\" src=\"https:\/\/renoreformae.com\/wp-content\/uploads\/2022\/10\/unnamed-1.jpg\" class=\"attachment-large size-large wp-image-5288\" alt=\"\" style=\"width:100%;height:75%;max-width:300px\" \/>\t\t\t\t\t\t\t\t\t\t\t\t\t<\/div>\n\t\t\t\t<\/div>\n\t\t\t\t\t<\/div>\n\t\t<\/div>\n\t\t\t\t<div class=\"elementor-column elementor-col-20 elementor-top-column elementor-element elementor-element-16f3ea1\" data-id=\"16f3ea1\" data-element_type=\"column\">\n\t\t\t<div class=\"elementor-widget-wrap elementor-element-populated\">\n\t\t\t\t\t\t<div class=\"elementor-element elementor-element-f59722a animated-slow elementor-invisible elementor-widget elementor-widget-image\" data-id=\"f59722a\" data-element_type=\"widget\" data-settings=\"{&quot;_animation&quot;:&quot;fadeInUp&quot;,&quot;_animation_delay&quot;:50}\" data-widget_type=\"image.default\">\n\t\t\t\t<div class=\"elementor-widget-container\">\n\t\t\t\t\t\t\t\t\t\t\t\t\t<img decoding=\"async\" width=\"300\" height=\"225\" src=\"https:\/\/renoreformae.com\/wp-content\/uploads\/2022\/10\/unnamed.jpg\" class=\"attachment-large size-large wp-image-5289\" alt=\"\" style=\"width:100%;height:75%;max-width:300px\" \/>\t\t\t\t\t\t\t\t\t\t\t\t\t<\/div>\n\t\t\t\t<\/div>\n\t\t\t\t\t<\/div>\n\t\t<\/div>\n\t\t\t\t<div class=\"elementor-column elementor-col-20 elementor-top-column elementor-element elementor-element-3d6f3d3\" data-id=\"3d6f3d3\" data-element_type=\"column\">\n\t\t\t<div class=\"elementor-widget-wrap elementor-element-populated\">\n\t\t\t\t\t\t<div class=\"elementor-element elementor-element-d1c182b animated-slow elementor-invisible elementor-widget elementor-widget-image\" data-id=\"d1c182b\" data-element_type=\"widget\" data-settings=\"{&quot;_animation&quot;:&quot;fadeInRight&quot;,&quot;_animation_delay&quot;:400}\" data-widget_type=\"image.default\">\n\t\t\t\t<div class=\"elementor-widget-container\">\n\t\t\t\t\t\t\t\t\t\t\t\t\t<img loading=\"lazy\" decoding=\"async\" width=\"300\" height=\"225\" src=\"https:\/\/renoreformae.com\/wp-content\/uploads\/2022\/10\/unnamed-2.jpg\" class=\"attachment-large size-large wp-image-5287\" alt=\"\" style=\"width:100%;height:75%;max-width:300px\" \/>\t\t\t\t\t\t\t\t\t\t\t\t\t<\/div>\n\t\t\t\t<\/div>\n\t\t\t\t\t<\/div>\n\t\t<\/div>\n\t\t\t\t<div class=\"elementor-column elementor-col-20 elementor-top-column elementor-element elementor-element-d5226bc\" data-id=\"d5226bc\" data-element_type=\"column\">\n\t\t\t<div class=\"elementor-widget-wrap elementor-element-populated\">\n\t\t\t\t\t\t<div class=\"elementor-element elementor-element-1835c10 animated-slow elementor-invisible elementor-widget elementor-widget-image\" data-id=\"1835c10\" data-element_type=\"widget\" data-settings=\"{&quot;_animation&quot;:&quot;fadeInRight&quot;,&quot;_animation_delay&quot;:200}\" data-widget_type=\"image.default\">\n\t\t\t\t<div class=\"elementor-widget-container\">\n\t\t\t\t\t\t\t\t\t\t\t\t\t<img loading=\"lazy\" decoding=\"async\" width=\"300\" height=\"225\" src=\"https:\/\/renoreformae.com\/wp-content\/uploads\/2022\/10\/unnamed-3.jpg\" class=\"attachment-large size-large wp-image-5286\" alt=\"\" style=\"width:100%;height:75%;max-width:300px\" \/>\t\t\t\t\t\t\t\t\t\t\t\t\t<\/div>\n\t\t\t\t<\/div>\n\t\t\t\t\t<\/div>\n\t\t<\/div>\n\t\t\t\t\t<\/div>\n\t\t<\/section>\n\t\t\t\t<section class=\"elementor-section elementor-top-section elementor-element elementor-element-c3e3497 elementor-section-boxed elementor-section-height-default elementor-section-height-default\" data-id=\"c3e3497\" data-element_type=\"section\">\n\t\t\t\t\t\t<div class=\"elementor-container elementor-column-gap-default\">\n\t\t\t\t\t<div class=\"elementor-column elementor-col-100 elementor-top-column elementor-element elementor-element-4582629\" data-id=\"4582629\" data-element_type=\"column\">\n\t\t\t<div class=\"elementor-widget-wrap elementor-element-populated\">\n\t\t\t\t\t\t<div class=\"elementor-element elementor-element-1d8f213 elementor-widget elementor-widget-spacer\" data-id=\"1d8f213\" data-element_type=\"widget\" data-widget_type=\"spacer.default\">\n\t\t\t\t<div class=\"elementor-widget-container\">\n\t\t\t\t\t<div class=\"elementor-spacer\">\n\t\t\t<div class=\"elementor-spacer-inner\"><\/div>\n\t\t<\/div>\n\t\t\t\t<\/div>\n\t\t\t\t<\/div>\n\t\t\t\t\t<\/div>\n\t\t<\/div>\n\t\t\t\t\t<\/div>\n\t\t<\/section>\n\t\t\t\t<\/div>\n\t\t","protected":false},"excerpt":{"rendered":"<p>OSG Serveis Grupest une entrepriseservices complets Qui nous sommes OSG Serveis Grup est une entreprise fond\u00e9e en 1994 et son activit\u00e9 est le secteur des services. Travaux, Canalisation, Travaux Publics, \u00c9chafaudages et Installations, sont ses principaux secteurs d&rsquo;activit\u00e9 depuis sa cr\u00e9ation. Au fil du temps, nous sp\u00e9cialisons et augmentons les services dans chacune de nos&hellip; <a class=\"more-link\" href=\"https:\/\/renoreformae.com\/fr\/qui-nous-sommes\/\">Poursuivre la lecture <span class=\"screen-reader-text\">Qui nous sommes<\/span><\/a><\/p>\n","protected":false},"author":1,"featured_media":0,"parent":0,"menu_order":0,"comment_status":"closed","ping_status":"closed","template":"elementor_header_footer","meta":{"footnotes":""},"class_list":["post-9476","page","type-page","status-publish","hentry","entry"],"yoast_head":"<!-- This site is optimized with the Yoast SEO plugin v26.1.1 - https:\/\/yoast.com\/wordpress\/plugins\/seo\/ -->\n<title>Qui nous sommes - Renoreformae<\/title>\n<meta name=\"robots\" content=\"index, follow, max-snippet:-1, max-image-preview:large, max-video-preview:-1\" \/>\n<link rel=\"canonical\" href=\"https:\/\/renoreformae.com\/fr\/qui-nous-sommes\/\" \/>\n<meta property=\"og:locale\" content=\"fr_FR\" \/>\n<meta property=\"og:type\" content=\"article\" \/>\n<meta property=\"og:title\" content=\"Qui nous sommes - Renoreformae\" \/>\n<meta property=\"og:description\" content=\"OSG Serveis Grupest une entrepriseservices complets Qui nous sommes OSG Serveis Grup est une entreprise fond\u00e9e en 1994 et son activit\u00e9 est le secteur des services. Travaux, Canalisation, Travaux Publics, \u00c9chafaudages et Installations, sont ses principaux secteurs d&rsquo;activit\u00e9 depuis sa cr\u00e9ation. Au fil du temps, nous sp\u00e9cialisons et augmentons les services dans chacune de nos&hellip; Poursuivre la lecture Qui nous sommes\" \/>\n<meta property=\"og:url\" content=\"https:\/\/renoreformae.com\/fr\/qui-nous-sommes\/\" \/>\n<meta property=\"og:site_name\" content=\"Renoreformae\" \/>\n<meta property=\"article:modified_time\" content=\"2025-01-30T11:52:08+00:00\" \/>\n<meta property=\"og:image\" content=\"https:\/\/renoreformae.com\/wp-content\/uploads\/2021\/11\/nau-central-300x225-1.jpg\" \/>\n<meta name=\"twitter:card\" content=\"summary_large_image\" \/>\n<meta name=\"twitter:label1\" content=\"Dur\u00e9e de lecture estim\u00e9e\" \/>\n\t<meta name=\"twitter:data1\" content=\"1 minute\" \/>\n<script type=\"application\/ld+json\" class=\"yoast-schema-graph\">{\"@context\":\"https:\/\/schema.org\",\"@graph\":[{\"@type\":\"WebPage\",\"@id\":\"https:\/\/renoreformae.com\/fr\/qui-nous-sommes\/\",\"url\":\"https:\/\/renoreformae.com\/fr\/qui-nous-sommes\/\",\"name\":\"Qui nous sommes - Renoreformae\",\"isPartOf\":{\"@id\":\"https:\/\/renoreformae.com\/#website\"},\"primaryImageOfPage\":{\"@id\":\"https:\/\/renoreformae.com\/fr\/qui-nous-sommes\/#primaryimage\"},\"image\":{\"@id\":\"https:\/\/renoreformae.com\/fr\/qui-nous-sommes\/#primaryimage\"},\"thumbnailUrl\":\"https:\/\/renoreformae.com\/wp-content\/uploads\/2021\/11\/nau-central-300x225-1.jpg\",\"datePublished\":\"2025-01-27T08:59:20+00:00\",\"dateModified\":\"2025-01-30T11:52:08+00:00\",\"breadcrumb\":{\"@id\":\"https:\/\/renoreformae.com\/fr\/qui-nous-sommes\/#breadcrumb\"},\"inLanguage\":\"fr-FR\",\"potentialAction\":[{\"@type\":\"ReadAction\",\"target\":[\"https:\/\/renoreformae.com\/fr\/qui-nous-sommes\/\"]}]},{\"@type\":\"ImageObject\",\"inLanguage\":\"fr-FR\",\"@id\":\"https:\/\/renoreformae.com\/fr\/qui-nous-sommes\/#primaryimage\",\"url\":\"https:\/\/renoreformae.com\/wp-content\/uploads\/2021\/11\/nau-central-300x225-1.jpg\",\"contentUrl\":\"https:\/\/renoreformae.com\/wp-content\/uploads\/2021\/11\/nau-central-300x225-1.jpg\"},{\"@type\":\"BreadcrumbList\",\"@id\":\"https:\/\/renoreformae.com\/fr\/qui-nous-sommes\/#breadcrumb\",\"itemListElement\":[{\"@type\":\"ListItem\",\"position\":1,\"name\":\"Portada\",\"item\":\"https:\/\/renoreformae.com\/fr\/homme\/\"},{\"@type\":\"ListItem\",\"position\":2,\"name\":\"Qui nous sommes\"}]},{\"@type\":\"WebSite\",\"@id\":\"https:\/\/renoreformae.com\/#website\",\"url\":\"https:\/\/renoreformae.com\/\",\"name\":\"Renoreformae - Reformes integrals de banys, cuines, locals i espais\",\"description\":\"renoreformae.com\",\"alternateName\":\"Renoreformae - Reformes integrals de banys, cuines, locals i espais\",\"potentialAction\":[{\"@type\":\"SearchAction\",\"target\":{\"@type\":\"EntryPoint\",\"urlTemplate\":\"https:\/\/renoreformae.com\/?s={search_term_string}\"},\"query-input\":{\"@type\":\"PropertyValueSpecification\",\"valueRequired\":true,\"valueName\":\"search_term_string\"}}],\"inLanguage\":\"fr-FR\"}]}<\/script>\n<!-- \/ Yoast SEO plugin. -->","yoast_head_json":{"title":"Qui nous sommes - Renoreformae","robots":{"index":"index","follow":"follow","max-snippet":"max-snippet:-1","max-image-preview":"max-image-preview:large","max-video-preview":"max-video-preview:-1"},"canonical":"https:\/\/renoreformae.com\/fr\/qui-nous-sommes\/","og_locale":"fr_FR","og_type":"article","og_title":"Qui nous sommes - Renoreformae","og_description":"OSG Serveis Grupest une entrepriseservices complets Qui nous sommes OSG Serveis Grup est une entreprise fond\u00e9e en 1994 et son activit\u00e9 est le secteur des services. Travaux, Canalisation, Travaux Publics, \u00c9chafaudages et Installations, sont ses principaux secteurs d&rsquo;activit\u00e9 depuis sa cr\u00e9ation. Au fil du temps, nous sp\u00e9cialisons et augmentons les services dans chacune de nos&hellip; Poursuivre la lecture Qui nous sommes","og_url":"https:\/\/renoreformae.com\/fr\/qui-nous-sommes\/","og_site_name":"Renoreformae","article_modified_time":"2025-01-30T11:52:08+00:00","og_image":[{"url":"https:\/\/renoreformae.com\/wp-content\/uploads\/2021\/11\/nau-central-300x225-1.jpg","type":"","width":"","height":""}],"twitter_card":"summary_large_image","twitter_misc":{"Dur\u00e9e de lecture estim\u00e9e":"1 minute"},"schema":{"@context":"https:\/\/schema.org","@graph":[{"@type":"WebPage","@id":"https:\/\/renoreformae.com\/fr\/qui-nous-sommes\/","url":"https:\/\/renoreformae.com\/fr\/qui-nous-sommes\/","name":"Qui nous sommes - Renoreformae","isPartOf":{"@id":"https:\/\/renoreformae.com\/#website"},"primaryImageOfPage":{"@id":"https:\/\/renoreformae.com\/fr\/qui-nous-sommes\/#primaryimage"},"image":{"@id":"https:\/\/renoreformae.com\/fr\/qui-nous-sommes\/#primaryimage"},"thumbnailUrl":"https:\/\/renoreformae.com\/wp-content\/uploads\/2021\/11\/nau-central-300x225-1.jpg","datePublished":"2025-01-27T08:59:20+00:00","dateModified":"2025-01-30T11:52:08+00:00","breadcrumb":{"@id":"https:\/\/renoreformae.com\/fr\/qui-nous-sommes\/#breadcrumb"},"inLanguage":"fr-FR","potentialAction":[{"@type":"ReadAction","target":["https:\/\/renoreformae.com\/fr\/qui-nous-sommes\/"]}]},{"@type":"ImageObject","inLanguage":"fr-FR","@id":"https:\/\/renoreformae.com\/fr\/qui-nous-sommes\/#primaryimage","url":"https:\/\/renoreformae.com\/wp-content\/uploads\/2021\/11\/nau-central-300x225-1.jpg","contentUrl":"https:\/\/renoreformae.com\/wp-content\/uploads\/2021\/11\/nau-central-300x225-1.jpg"},{"@type":"BreadcrumbList","@id":"https:\/\/renoreformae.com\/fr\/qui-nous-sommes\/#breadcrumb","itemListElement":[{"@type":"ListItem","position":1,"name":"Portada","item":"https:\/\/renoreformae.com\/fr\/homme\/"},{"@type":"ListItem","position":2,"name":"Qui nous sommes"}]},{"@type":"WebSite","@id":"https:\/\/renoreformae.com\/#website","url":"https:\/\/renoreformae.com\/","name":"Renoreformae - Reformes integrals de banys, cuines, locals i espais","description":"renoreformae.com","alternateName":"Renoreformae - Reformes integrals de banys, cuines, locals i espais","potentialAction":[{"@type":"SearchAction","target":{"@type":"EntryPoint","urlTemplate":"https:\/\/renoreformae.com\/?s={search_term_string}"},"query-input":{"@type":"PropertyValueSpecification","valueRequired":true,"valueName":"search_term_string"}}],"inLanguage":"fr-FR"}]}},"_links":{"self":[{"href":"https:\/\/renoreformae.com\/fr\/wp-json\/wp\/v2\/pages\/9476","targetHints":{"allow":["GET"]}}],"collection":[{"href":"https:\/\/renoreformae.com\/fr\/wp-json\/wp\/v2\/pages"}],"about":[{"href":"https:\/\/renoreformae.com\/fr\/wp-json\/wp\/v2\/types\/page"}],"author":[{"embeddable":true,"href":"https:\/\/renoreformae.com\/fr\/wp-json\/wp\/v2\/users\/1"}],"replies":[{"embeddable":true,"href":"https:\/\/renoreformae.com\/fr\/wp-json\/wp\/v2\/comments?post=9476"}],"version-history":[{"count":3,"href":"https:\/\/renoreformae.com\/fr\/wp-json\/wp\/v2\/pages\/9476\/revisions"}],"predecessor-version":[{"id":9803,"href":"https:\/\/renoreformae.com\/fr\/wp-json\/wp\/v2\/pages\/9476\/revisions\/9803"}],"wp:attachment":[{"href":"https:\/\/renoreformae.com\/fr\/wp-json\/wp\/v2\/media?parent=9476"}],"curies":[{"name":"wp","href":"https:\/\/api.w.org\/{rel}","templated":true}]}}