{"id":9475,"date":"2025-01-27T08:59:19","date_gmt":"2025-01-27T08:59:19","guid":{"rendered":"https:\/\/renoreformae.com\/maisons\/"},"modified":"2025-01-30T14:15:04","modified_gmt":"2025-01-30T14:15:04","slug":"maisons","status":"publish","type":"page","link":"https:\/\/renoreformae.com\/fr\/maisons\/","title":{"rendered":"Maisons"},"content":{"rendered":"\t\t<div data-elementor-type=\"wp-page\" data-elementor-id=\"9475\" class=\"elementor elementor-9475 elementor-4337\" data-elementor-post-type=\"page\">\n\t\t\t\t\t\t<section class=\"elementor-section elementor-top-section elementor-element elementor-element-f77a529 elementor-section-full_width elementor-section-height-min-height animated-slow elementor-section-height-default elementor-section-items-middle elementor-invisible\" data-id=\"f77a529\" data-element_type=\"section\" data-settings=\"{&quot;background_background&quot;:&quot;classic&quot;,&quot;background_motion_fx_motion_fx_scrolling&quot;:&quot;yes&quot;,&quot;background_motion_fx_translateY_effect&quot;:&quot;yes&quot;,&quot;animation&quot;:&quot;fadeIn&quot;,&quot;animation_delay&quot;:50,&quot;background_motion_fx_translateY_speed&quot;:{&quot;unit&quot;:&quot;px&quot;,&quot;size&quot;:4,&quot;sizes&quot;:[]},&quot;background_motion_fx_translateY_affectedRange&quot;:{&quot;unit&quot;:&quot;%&quot;,&quot;size&quot;:&quot;&quot;,&quot;sizes&quot;:{&quot;start&quot;:0,&quot;end&quot;:100}},&quot;background_motion_fx_devices&quot;:[&quot;desktop&quot;,&quot;tablet&quot;,&quot;mobile&quot;]}\">\n\t\t\t\t\t\t\t<div class=\"elementor-background-overlay\"><\/div>\n\t\t\t\t\t\t\t<div class=\"elementor-container elementor-column-gap-default\">\n\t\t\t\t\t<div class=\"elementor-column elementor-col-100 elementor-top-column elementor-element elementor-element-ebd7a35\" data-id=\"ebd7a35\" data-element_type=\"column\">\n\t\t\t<div class=\"elementor-widget-wrap elementor-element-populated\">\n\t\t\t\t\t\t<section class=\"elementor-section elementor-inner-section elementor-element elementor-element-4740b0b elementor-section-full_width elementor-section-height-default elementor-section-height-default\" data-id=\"4740b0b\" data-element_type=\"section\">\n\t\t\t\t\t\t<div class=\"elementor-container elementor-column-gap-default\">\n\t\t\t\t\t<div class=\"elementor-column elementor-col-50 elementor-inner-column elementor-element elementor-element-d0c610f\" data-id=\"d0c610f\" data-element_type=\"column\">\n\t\t\t<div class=\"elementor-widget-wrap elementor-element-populated\">\n\t\t\t\t\t\t<div class=\"elementor-element elementor-element-6e7dddf animated-slow elementor-invisible elementor-widget elementor-widget-heading\" data-id=\"6e7dddf\" data-element_type=\"widget\" data-settings=\"{&quot;_animation&quot;:&quot;fadeInLeft&quot;,&quot;_animation_delay&quot;:500}\" data-widget_type=\"heading.default\">\n\t\t\t\t<div class=\"elementor-widget-container\">\n\t\t\t<style>\/*! elementor - v3.22.0 - 26-06-2024 *\/\n.elementor-heading-title{padding:0;margin:0;line-height:1}.elementor-widget-heading .elementor-heading-title[class*=elementor-size-]>a{color:inherit;font-size:inherit;line-height:inherit}.elementor-widget-heading .elementor-heading-title.elementor-size-small{font-size:15px}.elementor-widget-heading .elementor-heading-title.elementor-size-medium{font-size:19px}.elementor-widget-heading .elementor-heading-title.elementor-size-large{font-size:29px}.elementor-widget-heading .elementor-heading-title.elementor-size-xl{font-size:39px}.elementor-widget-heading .elementor-heading-title.elementor-size-xxl{font-size:59px}<\/style><h2 class=\"elementor-heading-title elementor-size-default\">R\u00e9formation<br> des maisons<\/h2>\t\t<\/div>\n\t\t\t\t<\/div>\n\t\t\t\t\t<\/div>\n\t\t<\/div>\n\t\t\t\t<div class=\"elementor-column elementor-col-50 elementor-inner-column elementor-element elementor-element-63d6d9b\" data-id=\"63d6d9b\" data-element_type=\"column\">\n\t\t\t<div class=\"elementor-widget-wrap\">\n\t\t\t\t\t\t\t<\/div>\n\t\t<\/div>\n\t\t\t\t\t<\/div>\n\t\t<\/section>\n\t\t\t\t\t<\/div>\n\t\t<\/div>\n\t\t\t\t\t<\/div>\n\t\t<\/section>\n\t\t\t\t<section class=\"elementor-section elementor-top-section elementor-element elementor-element-a93b27c elementor-section-boxed elementor-section-height-default elementor-section-height-default\" data-id=\"a93b27c\" data-element_type=\"section\">\n\t\t\t\t\t\t<div class=\"elementor-container elementor-column-gap-default\">\n\t\t\t\t\t<div class=\"elementor-column elementor-col-100 elementor-top-column elementor-element elementor-element-02a2329\" data-id=\"02a2329\" data-element_type=\"column\">\n\t\t\t<div class=\"elementor-widget-wrap elementor-element-populated\">\n\t\t\t\t\t\t<div class=\"elementor-element elementor-element-045ceba elementor-widget elementor-widget-spacer\" data-id=\"045ceba\" data-element_type=\"widget\" data-widget_type=\"spacer.default\">\n\t\t\t\t<div class=\"elementor-widget-container\">\n\t\t\t<style>\/*! elementor - v3.22.0 - 26-06-2024 *\/\n.elementor-column .elementor-spacer-inner{height:var(--spacer-size)}.e-con{--container-widget-width:100%}.e-con-inner>.elementor-widget-spacer,.e-con>.elementor-widget-spacer{width:var(--container-widget-width,var(--spacer-size));--align-self:var(--container-widget-align-self,initial);--flex-shrink:0}.e-con-inner>.elementor-widget-spacer>.elementor-widget-container,.e-con>.elementor-widget-spacer>.elementor-widget-container{height:100%;width:100%}.e-con-inner>.elementor-widget-spacer>.elementor-widget-container>.elementor-spacer,.e-con>.elementor-widget-spacer>.elementor-widget-container>.elementor-spacer{height:100%}.e-con-inner>.elementor-widget-spacer>.elementor-widget-container>.elementor-spacer>.elementor-spacer-inner,.e-con>.elementor-widget-spacer>.elementor-widget-container>.elementor-spacer>.elementor-spacer-inner{height:var(--container-widget-height,var(--spacer-size))}.e-con-inner>.elementor-widget-spacer.elementor-widget-empty,.e-con>.elementor-widget-spacer.elementor-widget-empty{position:relative;min-height:22px;min-width:22px}.e-con-inner>.elementor-widget-spacer.elementor-widget-empty .elementor-widget-empty-icon,.e-con>.elementor-widget-spacer.elementor-widget-empty .elementor-widget-empty-icon{position:absolute;top:0;bottom:0;left:0;right:0;margin:auto;padding:0;width:22px;height:22px}<\/style>\t\t<div class=\"elementor-spacer\">\n\t\t\t<div class=\"elementor-spacer-inner\"><\/div>\n\t\t<\/div>\n\t\t\t\t<\/div>\n\t\t\t\t<\/div>\n\t\t\t\t\t<\/div>\n\t\t<\/div>\n\t\t\t\t\t<\/div>\n\t\t<\/section>\n\t\t\t\t<section class=\"elementor-section elementor-top-section elementor-element elementor-element-2438b5c7 fredicalor_c elementor-section-boxed elementor-section-height-default elementor-section-height-default\" data-id=\"2438b5c7\" data-element_type=\"section\" id=\"calefaccio\">\n\t\t\t\t\t\t<div class=\"elementor-container elementor-column-gap-default\">\n\t\t\t\t\t<div class=\"elementor-column elementor-col-100 elementor-top-column elementor-element elementor-element-68e82fb0\" data-id=\"68e82fb0\" data-element_type=\"column\">\n\t\t\t<div class=\"elementor-widget-wrap elementor-element-populated\">\n\t\t\t\t\t\t<div class=\"elementor-element elementor-element-3f15e4b0 elementor-widget elementor-widget-heading\" data-id=\"3f15e4b0\" data-element_type=\"widget\" data-widget_type=\"heading.default\">\n\t\t\t\t<div class=\"elementor-widget-container\">\n\t\t\t<h3 class=\"elementor-heading-title elementor-size-default\">R\u00e9forme du logement<\/h3>\t\t<\/div>\n\t\t\t\t<\/div>\n\t\t\t\t<div class=\"elementor-element elementor-element-3eb45683 elementor-widget elementor-widget-heading\" data-id=\"3eb45683\" data-element_type=\"widget\" data-widget_type=\"heading.default\">\n\t\t\t\t<div class=\"elementor-widget-container\">\n\t\t\t<h5 class=\"elementor-heading-title elementor-size-default\">Votre entreprise de r\u00e9novation et de r\u00e9novation domiciliaire dans les r\u00e9gions de G\u00e9rone et Barcelone<\/h5>\t\t<\/div>\n\t\t\t\t<\/div>\n\t\t\t\t<div class=\"elementor-element elementor-element-1e79322d elementor-widget elementor-widget-text-editor\" data-id=\"1e79322d\" data-element_type=\"widget\" data-widget_type=\"text-editor.default\">\n\t\t\t\t<div class=\"elementor-widget-container\">\n\t\t\t<style>\/*! elementor - v3.22.0 - 26-06-2024 *\/\n.elementor-widget-text-editor.elementor-drop-cap-view-stacked .elementor-drop-cap{background-color:#69727d;color:#fff}.elementor-widget-text-editor.elementor-drop-cap-view-framed .elementor-drop-cap{color:#69727d;border:3px solid;background-color:transparent}.elementor-widget-text-editor:not(.elementor-drop-cap-view-default) .elementor-drop-cap{margin-top:8px}.elementor-widget-text-editor:not(.elementor-drop-cap-view-default) .elementor-drop-cap-letter{width:1em;height:1em}.elementor-widget-text-editor .elementor-drop-cap{float:left;text-align:center;line-height:1;font-size:50px}.elementor-widget-text-editor .elementor-drop-cap-letter{display:inline-block}<\/style>\t\t\t\t<p><span style=\"color: var( --e-global-color-text ); font-family: var( --e-global-typography-text-font-family ), Sans-serif;\">Avec une approche professionnelle, s\u00e9rieux et efficacit\u00e9 maximale, nous proposons des services complets pour la r\u00e9cup\u00e9ration et l\u2019am\u00e9lioration des b\u00e2timents r\u00e9sidentiels.<br \/><\/span><\/p>\n<p>Chez Reno Reformae, en tant que sp\u00e9cialistes de la r\u00e9novation et de la r\u00e9novation de maisons \u00e0 G\u00e9rone et Barcelone, nous transformons les espaces en environnements confortables, modernes et s\u00fbrs.<br \/> Avec une \u00e9quipe de designers engag\u00e9s, nous proposons des possibilit\u00e9s, des conceptions, des id\u00e9es et des techniques pour faire de votre b\u00e2timent un lieu attrayant et fonctionnel.<\/p>\n<p><span style=\"color: var( --e-global-color-text ); font-family: var( --e-global-typography-text-font-family ), Sans-serif;\">Nous travaillons avec les meilleures marques et mat\u00e9riaux pour garantir une r\u00e9novation de b\u00e2timent de la plus haute qualit\u00e9.<\/span><\/p>\n\t\t\t\t\t\t<\/div>\n\t\t\t\t<\/div>\n\t\t\t\t<div class=\"elementor-element elementor-element-508fa8c7 elementor-widget elementor-widget-spacer\" data-id=\"508fa8c7\" data-element_type=\"widget\" data-widget_type=\"spacer.default\">\n\t\t\t\t<div class=\"elementor-widget-container\">\n\t\t\t\t\t<div class=\"elementor-spacer\">\n\t\t\t<div class=\"elementor-spacer-inner\"><\/div>\n\t\t<\/div>\n\t\t\t\t<\/div>\n\t\t\t\t<\/div>\n\t\t\t\t<div class=\"elementor-element elementor-element-1445c392 elementor-widget elementor-widget-eael-creative-button\" data-id=\"1445c392\" data-element_type=\"widget\" data-widget_type=\"eael-creative-button.default\">\n\t\t\t\t<div class=\"elementor-widget-container\">\n\t\t\t        <div class=\"eael-creative-button-wrapper\">\n\n            <a class=\"eael-creative-button eael-creative-button--default\" href=\"tel:+34972240100\" data-text=\"Appel!\">\n            \t    \n                <div class=\"creative-button-inner\">\n\n                                            <span class=\"eael-creative-button-icon-left\"><i aria-hidden=\"true\" class=\"fas fa-phone\"><\/i><\/span>                    \n                    <span class=\"cretive-button-text\">Appelez maintenant : 972 240 100<\/span>\n\n                                    <\/div>\n\t                        <\/a>\n        <\/div>\n        \t\t<\/div>\n\t\t\t\t<\/div>\n\t\t\t\t<div class=\"elementor-element elementor-element-14229970 elementor-widget elementor-widget-heading\" data-id=\"14229970\" data-element_type=\"widget\" data-widget_type=\"heading.default\">\n\t\t\t\t<div class=\"elementor-widget-container\">\n\t\t\t<h4 class=\"elementor-heading-title elementor-size-default\">ou vous pourriez aussi \u00eatre int\u00e9ress\u00e9<\/h4>\t\t<\/div>\n\t\t\t\t<\/div>\n\t\t\t\t<div class=\"elementor-element elementor-element-4553ca5a elementor-widget elementor-widget-eael-creative-button\" data-id=\"4553ca5a\" data-element_type=\"widget\" data-widget_type=\"eael-creative-button.default\">\n\t\t\t\t<div class=\"elementor-widget-container\">\n\t\t\t        <div class=\"eael-creative-button-wrapper\">\n\n            <a class=\"eael-creative-button eael-creative-button--default\" href=\"http:\/\/renoreformae.com\/pressupost\/\" data-text=\"Allons-y!\">\n            \t    \n                <div class=\"creative-button-inner\">\n\n                                            <span class=\"eael-creative-button-icon-left\"><i aria-hidden=\"true\" class=\"far fa-file-powerpoint\"><\/i><\/span>                    \n                    <span class=\"cretive-button-text\">Demandez un devis<\/span>\n\n                                    <\/div>\n\t                        <\/a>\n        <\/div>\n        \t\t<\/div>\n\t\t\t\t<\/div>\n\t\t\t\t<div class=\"elementor-element elementor-element-6047c35b elementor-widget elementor-widget-spacer\" data-id=\"6047c35b\" data-element_type=\"widget\" data-widget_type=\"spacer.default\">\n\t\t\t\t<div class=\"elementor-widget-container\">\n\t\t\t\t\t<div class=\"elementor-spacer\">\n\t\t\t<div class=\"elementor-spacer-inner\"><\/div>\n\t\t<\/div>\n\t\t\t\t<\/div>\n\t\t\t\t<\/div>\n\t\t\t\t\t<\/div>\n\t\t<\/div>\n\t\t\t\t\t<\/div>\n\t\t<\/section>\n\t\t\t\t<section class=\"elementor-section elementor-top-section elementor-element elementor-element-052d662 elementor-section-boxed elementor-section-height-default elementor-section-height-default\" data-id=\"052d662\" data-element_type=\"section\" data-settings=\"{&quot;background_background&quot;:&quot;classic&quot;}\">\n\t\t\t\t\t\t<div class=\"elementor-container elementor-column-gap-default\">\n\t\t\t\t\t<div class=\"elementor-column elementor-col-100 elementor-top-column elementor-element elementor-element-e30a067\" data-id=\"e30a067\" data-element_type=\"column\">\n\t\t\t<div class=\"elementor-widget-wrap elementor-element-populated\">\n\t\t\t\t\t\t<div class=\"elementor-element elementor-element-4645b89 elementor-widget elementor-widget-heading\" data-id=\"4645b89\" data-element_type=\"widget\" data-widget_type=\"heading.default\">\n\t\t\t\t<div class=\"elementor-widget-container\">\n\t\t\t<h3 class=\"elementor-heading-title elementor-size-default\">Projets r\u00e9alis\u00e9s<\/h3>\t\t<\/div>\n\t\t\t\t<\/div>\n\t\t\t\t\t<\/div>\n\t\t<\/div>\n\t\t\t\t\t<\/div>\n\t\t<\/section>\n\t\t\t\t<\/div>\n\t\t","protected":false},"excerpt":{"rendered":"<p>R\u00e9formation des maisons R\u00e9forme du logement Votre entreprise de r\u00e9novation et de r\u00e9novation domiciliaire dans les r\u00e9gions de G\u00e9rone et Barcelone Avec une approche professionnelle, s\u00e9rieux et efficacit\u00e9 maximale, nous proposons des services complets pour la r\u00e9cup\u00e9ration et l\u2019am\u00e9lioration des b\u00e2timents r\u00e9sidentiels. Chez Reno Reformae, en tant que sp\u00e9cialistes de la r\u00e9novation et de la&hellip; <a class=\"more-link\" href=\"https:\/\/renoreformae.com\/fr\/maisons\/\">Poursuivre la lecture <span class=\"screen-reader-text\">Maisons<\/span><\/a><\/p>\n","protected":false},"author":1,"featured_media":0,"parent":0,"menu_order":0,"comment_status":"closed","ping_status":"closed","template":"elementor_header_footer","meta":{"footnotes":""},"class_list":["post-9475","page","type-page","status-publish","hentry","entry"],"yoast_head":"<!-- This site is optimized with the Yoast SEO plugin v26.1.1 - https:\/\/yoast.com\/wordpress\/plugins\/seo\/ -->\n<title>Maisons - Renoreformae<\/title>\n<meta name=\"robots\" content=\"index, follow, max-snippet:-1, max-image-preview:large, max-video-preview:-1\" \/>\n<link rel=\"canonical\" href=\"https:\/\/renoreformae.com\/fr\/maisons\/\" \/>\n<meta property=\"og:locale\" content=\"fr_FR\" \/>\n<meta property=\"og:type\" content=\"article\" \/>\n<meta property=\"og:title\" content=\"Maisons - Renoreformae\" \/>\n<meta property=\"og:description\" content=\"R\u00e9formation des maisons R\u00e9forme du logement Votre entreprise de r\u00e9novation et de r\u00e9novation domiciliaire dans les r\u00e9gions de G\u00e9rone et Barcelone Avec une approche professionnelle, s\u00e9rieux et efficacit\u00e9 maximale, nous proposons des services complets pour la r\u00e9cup\u00e9ration et l\u2019am\u00e9lioration des b\u00e2timents r\u00e9sidentiels. Chez Reno Reformae, en tant que sp\u00e9cialistes de la r\u00e9novation et de la&hellip; Poursuivre la lecture Maisons\" \/>\n<meta property=\"og:url\" content=\"https:\/\/renoreformae.com\/fr\/maisons\/\" \/>\n<meta property=\"og:site_name\" content=\"Renoreformae\" \/>\n<meta property=\"article:modified_time\" content=\"2025-01-30T14:15:04+00:00\" \/>\n<meta name=\"twitter:card\" content=\"summary_large_image\" \/>\n<meta name=\"twitter:label1\" content=\"Dur\u00e9e de lecture estim\u00e9e\" \/>\n\t<meta name=\"twitter:data1\" content=\"1 minute\" \/>\n<script type=\"application\/ld+json\" class=\"yoast-schema-graph\">{\"@context\":\"https:\/\/schema.org\",\"@graph\":[{\"@type\":\"WebPage\",\"@id\":\"https:\/\/renoreformae.com\/fr\/maisons\/\",\"url\":\"https:\/\/renoreformae.com\/fr\/maisons\/\",\"name\":\"Maisons - Renoreformae\",\"isPartOf\":{\"@id\":\"https:\/\/renoreformae.com\/#website\"},\"datePublished\":\"2025-01-27T08:59:19+00:00\",\"dateModified\":\"2025-01-30T14:15:04+00:00\",\"breadcrumb\":{\"@id\":\"https:\/\/renoreformae.com\/fr\/maisons\/#breadcrumb\"},\"inLanguage\":\"fr-FR\",\"potentialAction\":[{\"@type\":\"ReadAction\",\"target\":[\"https:\/\/renoreformae.com\/fr\/maisons\/\"]}]},{\"@type\":\"BreadcrumbList\",\"@id\":\"https:\/\/renoreformae.com\/fr\/maisons\/#breadcrumb\",\"itemListElement\":[{\"@type\":\"ListItem\",\"position\":1,\"name\":\"Portada\",\"item\":\"https:\/\/renoreformae.com\/fr\/homme\/\"},{\"@type\":\"ListItem\",\"position\":2,\"name\":\"Maisons\"}]},{\"@type\":\"WebSite\",\"@id\":\"https:\/\/renoreformae.com\/#website\",\"url\":\"https:\/\/renoreformae.com\/\",\"name\":\"Renoreformae - Reformes integrals de banys, cuines, locals i espais\",\"description\":\"renoreformae.com\",\"alternateName\":\"Renoreformae - Reformes integrals de banys, cuines, locals i espais\",\"potentialAction\":[{\"@type\":\"SearchAction\",\"target\":{\"@type\":\"EntryPoint\",\"urlTemplate\":\"https:\/\/renoreformae.com\/?s={search_term_string}\"},\"query-input\":{\"@type\":\"PropertyValueSpecification\",\"valueRequired\":true,\"valueName\":\"search_term_string\"}}],\"inLanguage\":\"fr-FR\"}]}<\/script>\n<!-- \/ Yoast SEO plugin. -->","yoast_head_json":{"title":"Maisons - Renoreformae","robots":{"index":"index","follow":"follow","max-snippet":"max-snippet:-1","max-image-preview":"max-image-preview:large","max-video-preview":"max-video-preview:-1"},"canonical":"https:\/\/renoreformae.com\/fr\/maisons\/","og_locale":"fr_FR","og_type":"article","og_title":"Maisons - Renoreformae","og_description":"R\u00e9formation des maisons R\u00e9forme du logement Votre entreprise de r\u00e9novation et de r\u00e9novation domiciliaire dans les r\u00e9gions de G\u00e9rone et Barcelone Avec une approche professionnelle, s\u00e9rieux et efficacit\u00e9 maximale, nous proposons des services complets pour la r\u00e9cup\u00e9ration et l\u2019am\u00e9lioration des b\u00e2timents r\u00e9sidentiels. Chez Reno Reformae, en tant que sp\u00e9cialistes de la r\u00e9novation et de la&hellip; Poursuivre la lecture Maisons","og_url":"https:\/\/renoreformae.com\/fr\/maisons\/","og_site_name":"Renoreformae","article_modified_time":"2025-01-30T14:15:04+00:00","twitter_card":"summary_large_image","twitter_misc":{"Dur\u00e9e de lecture estim\u00e9e":"1 minute"},"schema":{"@context":"https:\/\/schema.org","@graph":[{"@type":"WebPage","@id":"https:\/\/renoreformae.com\/fr\/maisons\/","url":"https:\/\/renoreformae.com\/fr\/maisons\/","name":"Maisons - Renoreformae","isPartOf":{"@id":"https:\/\/renoreformae.com\/#website"},"datePublished":"2025-01-27T08:59:19+00:00","dateModified":"2025-01-30T14:15:04+00:00","breadcrumb":{"@id":"https:\/\/renoreformae.com\/fr\/maisons\/#breadcrumb"},"inLanguage":"fr-FR","potentialAction":[{"@type":"ReadAction","target":["https:\/\/renoreformae.com\/fr\/maisons\/"]}]},{"@type":"BreadcrumbList","@id":"https:\/\/renoreformae.com\/fr\/maisons\/#breadcrumb","itemListElement":[{"@type":"ListItem","position":1,"name":"Portada","item":"https:\/\/renoreformae.com\/fr\/homme\/"},{"@type":"ListItem","position":2,"name":"Maisons"}]},{"@type":"WebSite","@id":"https:\/\/renoreformae.com\/#website","url":"https:\/\/renoreformae.com\/","name":"Renoreformae - Reformes integrals de banys, cuines, locals i espais","description":"renoreformae.com","alternateName":"Renoreformae - Reformes integrals de banys, cuines, locals i espais","potentialAction":[{"@type":"SearchAction","target":{"@type":"EntryPoint","urlTemplate":"https:\/\/renoreformae.com\/?s={search_term_string}"},"query-input":{"@type":"PropertyValueSpecification","valueRequired":true,"valueName":"search_term_string"}}],"inLanguage":"fr-FR"}]}},"_links":{"self":[{"href":"https:\/\/renoreformae.com\/fr\/wp-json\/wp\/v2\/pages\/9475","targetHints":{"allow":["GET"]}}],"collection":[{"href":"https:\/\/renoreformae.com\/fr\/wp-json\/wp\/v2\/pages"}],"about":[{"href":"https:\/\/renoreformae.com\/fr\/wp-json\/wp\/v2\/types\/page"}],"author":[{"embeddable":true,"href":"https:\/\/renoreformae.com\/fr\/wp-json\/wp\/v2\/users\/1"}],"replies":[{"embeddable":true,"href":"https:\/\/renoreformae.com\/fr\/wp-json\/wp\/v2\/comments?post=9475"}],"version-history":[{"count":5,"href":"https:\/\/renoreformae.com\/fr\/wp-json\/wp\/v2\/pages\/9475\/revisions"}],"predecessor-version":[{"id":9875,"href":"https:\/\/renoreformae.com\/fr\/wp-json\/wp\/v2\/pages\/9475\/revisions\/9875"}],"wp:attachment":[{"href":"https:\/\/renoreformae.com\/fr\/wp-json\/wp\/v2\/media?parent=9475"}],"curies":[{"name":"wp","href":"https:\/\/api.w.org\/{rel}","templated":true}]}}