{"id":10336,"date":"2025-06-05T08:27:49","date_gmt":"2025-06-05T08:27:49","guid":{"rendered":"https:\/\/renoreformae.com\/avis-legal\/"},"modified":"2025-06-05T08:27:49","modified_gmt":"2025-06-05T08:27:49","slug":"avis-legal","status":"publish","type":"page","link":"https:\/\/renoreformae.com\/fr\/avis-legal\/","title":{"rendered":"Avis legal"},"content":{"rendered":"\t\t<div data-elementor-type=\"wp-page\" data-elementor-id=\"10336\" class=\"elementor elementor-10336 elementor-10326\" data-elementor-post-type=\"page\">\n\t\t\t\t\t\t<section class=\"elementor-section elementor-top-section elementor-element elementor-element-336975c elementor-section-boxed elementor-section-height-default elementor-section-height-default\" data-id=\"336975c\" data-element_type=\"section\">\n\t\t\t\t\t\t<div class=\"elementor-container elementor-column-gap-default\">\n\t\t\t\t\t<div class=\"elementor-column elementor-col-100 elementor-top-column elementor-element elementor-element-ec2562b\" data-id=\"ec2562b\" data-element_type=\"column\">\n\t\t\t<div class=\"elementor-widget-wrap elementor-element-populated\">\n\t\t\t\t\t\t<div class=\"elementor-element elementor-element-81c1e6b elementor-widget elementor-widget-spacer\" data-id=\"81c1e6b\" data-element_type=\"widget\" data-widget_type=\"spacer.default\">\n\t\t\t\t<div class=\"elementor-widget-container\">\n\t\t\t<style>\/*! elementor - v3.22.0 - 26-06-2024 *\/\n.elementor-column .elementor-spacer-inner{height:var(--spacer-size)}.e-con{--container-widget-width:100%}.e-con-inner>.elementor-widget-spacer,.e-con>.elementor-widget-spacer{width:var(--container-widget-width,var(--spacer-size));--align-self:var(--container-widget-align-self,initial);--flex-shrink:0}.e-con-inner>.elementor-widget-spacer>.elementor-widget-container,.e-con>.elementor-widget-spacer>.elementor-widget-container{height:100%;width:100%}.e-con-inner>.elementor-widget-spacer>.elementor-widget-container>.elementor-spacer,.e-con>.elementor-widget-spacer>.elementor-widget-container>.elementor-spacer{height:100%}.e-con-inner>.elementor-widget-spacer>.elementor-widget-container>.elementor-spacer>.elementor-spacer-inner,.e-con>.elementor-widget-spacer>.elementor-widget-container>.elementor-spacer>.elementor-spacer-inner{height:var(--container-widget-height,var(--spacer-size))}.e-con-inner>.elementor-widget-spacer.elementor-widget-empty,.e-con>.elementor-widget-spacer.elementor-widget-empty{position:relative;min-height:22px;min-width:22px}.e-con-inner>.elementor-widget-spacer.elementor-widget-empty .elementor-widget-empty-icon,.e-con>.elementor-widget-spacer.elementor-widget-empty .elementor-widget-empty-icon{position:absolute;top:0;bottom:0;left:0;right:0;margin:auto;padding:0;width:22px;height:22px}<\/style>\t\t<div class=\"elementor-spacer\">\n\t\t\t<div class=\"elementor-spacer-inner\"><\/div>\n\t\t<\/div>\n\t\t\t\t<\/div>\n\t\t\t\t<\/div>\n\t\t\t\t\t<\/div>\n\t\t<\/div>\n\t\t\t\t\t<\/div>\n\t\t<\/section>\n\t\t\t\t<section class=\"elementor-section elementor-top-section elementor-element elementor-element-35f2d6b elementor-section-boxed elementor-section-height-default elementor-section-height-default\" data-id=\"35f2d6b\" data-element_type=\"section\">\n\t\t\t\t\t\t<div class=\"elementor-container elementor-column-gap-default\">\n\t\t\t\t\t<div class=\"elementor-column elementor-col-100 elementor-top-column elementor-element elementor-element-f3f98c8\" data-id=\"f3f98c8\" data-element_type=\"column\">\n\t\t\t<div class=\"elementor-widget-wrap elementor-element-populated\">\n\t\t\t\t\t\t<div class=\"elementor-element elementor-element-2cb2cbd elementor-widget elementor-widget-heading\" data-id=\"2cb2cbd\" data-element_type=\"widget\" data-widget_type=\"heading.default\">\n\t\t\t\t<div class=\"elementor-widget-container\">\n\t\t\t<style>\/*! elementor - v3.22.0 - 26-06-2024 *\/\n.elementor-heading-title{padding:0;margin:0;line-height:1}.elementor-widget-heading .elementor-heading-title[class*=elementor-size-]>a{color:inherit;font-size:inherit;line-height:inherit}.elementor-widget-heading .elementor-heading-title.elementor-size-small{font-size:15px}.elementor-widget-heading .elementor-heading-title.elementor-size-medium{font-size:19px}.elementor-widget-heading .elementor-heading-title.elementor-size-large{font-size:29px}.elementor-widget-heading .elementor-heading-title.elementor-size-xl{font-size:39px}.elementor-widget-heading .elementor-heading-title.elementor-size-xxl{font-size:59px}<\/style><h2 class=\"elementor-heading-title elementor-size-default\">AV\u00cdS LEGAL<\/h2>\t\t<\/div>\n\t\t\t\t<\/div>\n\t\t\t\t\t<\/div>\n\t\t<\/div>\n\t\t\t\t\t<\/div>\n\t\t<\/section>\n\t\t\t\t<section class=\"elementor-section elementor-top-section elementor-element elementor-element-7425752 elementor-section-boxed elementor-section-height-default elementor-section-height-default\" data-id=\"7425752\" data-element_type=\"section\">\n\t\t\t\t\t\t<div class=\"elementor-container elementor-column-gap-default\">\n\t\t\t\t\t<div class=\"elementor-column elementor-col-100 elementor-top-column elementor-element elementor-element-233bd19\" data-id=\"233bd19\" data-element_type=\"column\">\n\t\t\t<div class=\"elementor-widget-wrap elementor-element-populated\">\n\t\t\t\t\t\t<div class=\"elementor-element elementor-element-e5debf6 elementor-widget elementor-widget-spacer\" data-id=\"e5debf6\" data-element_type=\"widget\" data-widget_type=\"spacer.default\">\n\t\t\t\t<div class=\"elementor-widget-container\">\n\t\t\t\t\t<div class=\"elementor-spacer\">\n\t\t\t<div class=\"elementor-spacer-inner\"><\/div>\n\t\t<\/div>\n\t\t\t\t<\/div>\n\t\t\t\t<\/div>\n\t\t\t\t\t<\/div>\n\t\t<\/div>\n\t\t\t\t\t<\/div>\n\t\t<\/section>\n\t\t\t\t<section class=\"elementor-section elementor-top-section elementor-element elementor-element-97bd12a elementor-section-boxed elementor-section-height-default elementor-section-height-default\" data-id=\"97bd12a\" data-element_type=\"section\">\n\t\t\t\t\t\t<div class=\"elementor-container elementor-column-gap-default\">\n\t\t\t\t\t<div class=\"elementor-column elementor-col-100 elementor-top-column elementor-element elementor-element-f7926d0\" data-id=\"f7926d0\" data-element_type=\"column\">\n\t\t\t<div class=\"elementor-widget-wrap elementor-element-populated\">\n\t\t\t\t\t\t<div class=\"elementor-element elementor-element-77d5442 elementor-widget elementor-widget-text-editor\" data-id=\"77d5442\" data-element_type=\"widget\" data-widget_type=\"text-editor.default\">\n\t\t\t\t<div class=\"elementor-widget-container\">\n\t\t\t<style>\/*! elementor - v3.22.0 - 26-06-2024 *\/\n.elementor-widget-text-editor.elementor-drop-cap-view-stacked .elementor-drop-cap{background-color:#69727d;color:#fff}.elementor-widget-text-editor.elementor-drop-cap-view-framed .elementor-drop-cap{color:#69727d;border:3px solid;background-color:transparent}.elementor-widget-text-editor:not(.elementor-drop-cap-view-default) .elementor-drop-cap{margin-top:8px}.elementor-widget-text-editor:not(.elementor-drop-cap-view-default) .elementor-drop-cap-letter{width:1em;height:1em}.elementor-widget-text-editor .elementor-drop-cap{float:left;text-align:center;line-height:1;font-size:50px}.elementor-widget-text-editor .elementor-drop-cap-letter{display:inline-block}<\/style>\t\t\t\t<p>En compliment de l&rsquo;article 10 de la Llei 34\/2002, d&rsquo;11&nbsp; de juliol, de Serveis de la Societat de la Informaci\u00f3 i Comer\u00e7 Electr\u00f2nic (LSSICE) a continuaci\u00f3 es detallen les dades identificatives de l&rsquo;entitat:<\/p><p><br><\/p>\n<ul>\n<li><b>Ra\u00f3 social<\/b>: OSG SERVEIS GRUP, S.L.U. (OSG)<\/li>\n<li><b>NIF<\/b>: B17395781<\/li>\n<li><b>Adre\u00e7a<\/b>: Carrer Joan Torro i Cabratosa, 18 &#8211; 1 1C &#8211; 17005 &#8211; Girona &#8211; GIRONA<\/li>\n<li><b>Tel\u00e8fon<\/b>: 972244824<\/li>\n<li><b>Email<\/b>: lluissoler@osg.cat<\/li>\n<li><b>Registre Mercantil de Girona<\/b>: Registre Mercantil de Girona, Inscripci\u00f3 1\u00aa, Tom 653, Llibre 0, de la secci\u00f3 8\u00aa, Foli 15, Fulla GE12.452<\/li>\n<\/ul>\n<div><span style=\"font-family: -apple-system, system-ui, Segoe UI, Roboto, Oxygen-Sans, Ubuntu, Cantarell, Helvetica Neue, sans-serif;\">&nbsp;<\/span><\/div>\n<div>\n<div><b>FINALITAT DE LA P\u00c0GINA WEB<\/b><\/div><div><b><br><\/b><\/div>\n<div>Informar degudament dels productes i\/o serveis prestats per l&rsquo;entitat, de tots aquells esdeveniments celebrats en relaci\u00f3 amb els seus serveis, aix\u00ed com, facilitar el contacte amb aquesta.<\/div>\n<div>El present av\u00eds legal (d&rsquo;ara endavant, l&rsquo;Av\u00eds Legal) regula l&rsquo;\u00fas del lloc web: www.osg.cat<\/div>\n<div>&nbsp;<\/div>\n<div><b>LEGISLACI\u00d3<\/b><\/div><div><b><br><\/b><\/div>\n<div>Amb car\u00e0cter general les relacions entre OSG SERVEIS GRUP, S.L.U. (OSG) i els Usuaris dels seus serveis telem\u00e0tics, presents en aquest lloc web, es troben sotmeses a la legislaci\u00f3 i jurisdicci\u00f3 espanyoles.<\/div>\n<div>&nbsp;<\/div>\n<div><b>\u00daS I ACC\u00c9S D&rsquo;USUARIS<\/b><\/div><div><b><br><\/b><\/div>\n<div>L&rsquo;Usuari queda informat, i accepta, que l&rsquo;acc\u00e9s a la present web no suposa, de cap manera, l&rsquo;inici d&rsquo;una relaci\u00f3 comercial amb OSG SERVEIS GRUP, S.L.U. o qualsevol de les seves delegacions.<\/div>\n<div>&nbsp;<\/div>\n<div><b>PROPIETAT INTEL\u00b7LECTUAL I INDUSTRIAL<\/b><\/div><div><b><br><\/b><\/div>\n<div>Els drets de propietat intel\u00b7lectual del contingut de les p\u00e0gines web, el seu disseny gr\u00e0fic i codis s\u00f3n titularitat de OSG SERVEIS GRUP, S.L.U. i, per tant, queda prohibida la seva reproducci\u00f3, distribuci\u00f3, comunicaci\u00f3 p\u00fablica, transformaci\u00f3 o qualsevol altra activitat que es pugui realitzar amb els continguts de les seves p\u00e0gines web ni fins i tot citant les fonts, excepte consentiment per escrit de OSG SERVEIS GRUP, S.L.U..<\/div>\n<div>&nbsp;<\/div>\n<div><b>CONTINGUT DE LA WEB I ENLLA\u00c7OS (LINKS)<\/b><\/div><div><b><br><\/b><\/div>\n<div>OSG SERVEIS GRUP, S.L.U. (OSG) es reserva el dret a actualitzar, modificar o eliminar la informaci\u00f3 continguda en les seves p\u00e0gines web podent fins i tot limitar o no permetre l&rsquo;acc\u00e9s a aquesta informaci\u00f3 a certs usuaris.<\/div>\n<div>&nbsp;<\/div>\n<div>OSG SERVEIS GRUP, S.L.U. no assumeix cap responsabilitat per la informaci\u00f3 continguda en p\u00e0gines web de tercers a les quals es pugui accedir per \u00ab\u00a0links\u00a0\u00bb o enlla\u00e7os des de qualsevol p\u00e0gina web propietat de OSG SERVEIS GRUP, S.L.U.. La pres\u00e8ncia de \u00ab\u00a0links\u00a0\u00bb o enlla\u00e7os en les p\u00e0gines web de OSG SERVEIS GRUP, S.L.U. (OSG) t\u00e9 finalitat merament informativa i en cap cas suposa suggeriment, invitaci\u00f3 o recomanaci\u00f3 sobre aquests. <\/div><\/div>\t\t\t\t\t\t<\/div>\n\t\t\t\t<\/div>\n\t\t\t\t\t<\/div>\n\t\t<\/div>\n\t\t\t\t\t<\/div>\n\t\t<\/section>\n\t\t\t\t<section class=\"elementor-section elementor-top-section elementor-element elementor-element-e67d0f4 elementor-section-boxed elementor-section-height-default elementor-section-height-default\" data-id=\"e67d0f4\" data-element_type=\"section\">\n\t\t\t\t\t\t<div class=\"elementor-container elementor-column-gap-default\">\n\t\t\t\t\t<div class=\"elementor-column elementor-col-100 elementor-top-column elementor-element elementor-element-d618feb\" data-id=\"d618feb\" data-element_type=\"column\">\n\t\t\t<div class=\"elementor-widget-wrap elementor-element-populated\">\n\t\t\t\t\t\t<div class=\"elementor-element elementor-element-fb0e779 elementor-widget elementor-widget-spacer\" data-id=\"fb0e779\" data-element_type=\"widget\" data-widget_type=\"spacer.default\">\n\t\t\t\t<div class=\"elementor-widget-container\">\n\t\t\t\t\t<div class=\"elementor-spacer\">\n\t\t\t<div class=\"elementor-spacer-inner\"><\/div>\n\t\t<\/div>\n\t\t\t\t<\/div>\n\t\t\t\t<\/div>\n\t\t\t\t\t<\/div>\n\t\t<\/div>\n\t\t\t\t\t<\/div>\n\t\t<\/section>\n\t\t\t\t<section class=\"elementor-section elementor-top-section elementor-element elementor-element-31f7528 elementor-section-boxed elementor-section-height-default elementor-section-height-default\" data-id=\"31f7528\" data-element_type=\"section\">\n\t\t\t\t\t\t<div class=\"elementor-container elementor-column-gap-default\">\n\t\t\t\t\t<div class=\"elementor-column elementor-col-100 elementor-top-column elementor-element elementor-element-78178a2\" data-id=\"78178a2\" data-element_type=\"column\">\n\t\t\t<div class=\"elementor-widget-wrap elementor-element-populated\">\n\t\t\t\t\t\t<div class=\"elementor-element elementor-element-abc82a3 elementor-widget elementor-widget-spacer\" data-id=\"abc82a3\" data-element_type=\"widget\" data-widget_type=\"spacer.default\">\n\t\t\t\t<div class=\"elementor-widget-container\">\n\t\t\t\t\t<div class=\"elementor-spacer\">\n\t\t\t<div class=\"elementor-spacer-inner\"><\/div>\n\t\t<\/div>\n\t\t\t\t<\/div>\n\t\t\t\t<\/div>\n\t\t\t\t\t<\/div>\n\t\t<\/div>\n\t\t\t\t\t<\/div>\n\t\t<\/section>\n\t\t\t\t<\/div>\n\t\t","protected":false},"excerpt":{"rendered":"<p>AV\u00cdS LEGAL En compliment de l&rsquo;article 10 de la Llei 34\/2002, d&rsquo;11&nbsp; de juliol, de Serveis de la Societat de la Informaci\u00f3 i Comer\u00e7 Electr\u00f2nic (LSSICE) a continuaci\u00f3 es detallen les dades identificatives de l&rsquo;entitat: Ra\u00f3 social: OSG SERVEIS GRUP, S.L.U. (OSG) NIF: B17395781 Adre\u00e7a: Carrer Joan Torro i Cabratosa, 18 &#8211; 1 1C &#8211;&hellip; <a class=\"more-link\" href=\"https:\/\/renoreformae.com\/fr\/avis-legal\/\">Poursuivre la lecture <span class=\"screen-reader-text\">Avis legal<\/span><\/a><\/p>\n","protected":false},"author":1,"featured_media":0,"parent":0,"menu_order":0,"comment_status":"closed","ping_status":"closed","template":"elementor_header_footer","meta":{"footnotes":""},"class_list":["post-10336","page","type-page","status-publish","hentry","entry"],"yoast_head":"<!-- This site is optimized with the Yoast SEO plugin v26.1.1 - https:\/\/yoast.com\/wordpress\/plugins\/seo\/ -->\n<title>Avis legal - Renoreformae<\/title>\n<meta name=\"robots\" content=\"index, follow, max-snippet:-1, max-image-preview:large, max-video-preview:-1\" \/>\n<link rel=\"canonical\" href=\"https:\/\/renoreformae.com\/fr\/avis-legal\/\" \/>\n<meta property=\"og:locale\" content=\"fr_FR\" \/>\n<meta property=\"og:type\" content=\"article\" \/>\n<meta property=\"og:title\" content=\"Avis legal - Renoreformae\" \/>\n<meta property=\"og:description\" content=\"AV\u00cdS LEGAL En compliment de l&rsquo;article 10 de la Llei 34\/2002, d&rsquo;11&nbsp; de juliol, de Serveis de la Societat de la Informaci\u00f3 i Comer\u00e7 Electr\u00f2nic (LSSICE) a continuaci\u00f3 es detallen les dades identificatives de l&rsquo;entitat: Ra\u00f3 social: OSG SERVEIS GRUP, S.L.U. (OSG) NIF: B17395781 Adre\u00e7a: Carrer Joan Torro i Cabratosa, 18 &#8211; 1 1C &#8211;&hellip; Poursuivre la lecture Avis legal\" \/>\n<meta property=\"og:url\" content=\"https:\/\/renoreformae.com\/fr\/avis-legal\/\" \/>\n<meta property=\"og:site_name\" content=\"Renoreformae\" \/>\n<meta name=\"twitter:card\" content=\"summary_large_image\" \/>\n<meta name=\"twitter:label1\" content=\"Dur\u00e9e de lecture estim\u00e9e\" \/>\n\t<meta name=\"twitter:data1\" content=\"2 minutes\" \/>\n<script type=\"application\/ld+json\" class=\"yoast-schema-graph\">{\"@context\":\"https:\/\/schema.org\",\"@graph\":[{\"@type\":\"WebPage\",\"@id\":\"https:\/\/renoreformae.com\/fr\/avis-legal\/\",\"url\":\"https:\/\/renoreformae.com\/fr\/avis-legal\/\",\"name\":\"Avis legal - Renoreformae\",\"isPartOf\":{\"@id\":\"https:\/\/renoreformae.com\/#website\"},\"datePublished\":\"2025-06-05T08:27:49+00:00\",\"breadcrumb\":{\"@id\":\"https:\/\/renoreformae.com\/fr\/avis-legal\/#breadcrumb\"},\"inLanguage\":\"fr-FR\",\"potentialAction\":[{\"@type\":\"ReadAction\",\"target\":[\"https:\/\/renoreformae.com\/fr\/avis-legal\/\"]}]},{\"@type\":\"BreadcrumbList\",\"@id\":\"https:\/\/renoreformae.com\/fr\/avis-legal\/#breadcrumb\",\"itemListElement\":[{\"@type\":\"ListItem\",\"position\":1,\"name\":\"Portada\",\"item\":\"https:\/\/renoreformae.com\/fr\/homme\/\"},{\"@type\":\"ListItem\",\"position\":2,\"name\":\"Avis legal\"}]},{\"@type\":\"WebSite\",\"@id\":\"https:\/\/renoreformae.com\/#website\",\"url\":\"https:\/\/renoreformae.com\/\",\"name\":\"Renoreformae - Reformes integrals de banys, cuines, locals i espais\",\"description\":\"renoreformae.com\",\"alternateName\":\"Renoreformae - Reformes integrals de banys, cuines, locals i espais\",\"potentialAction\":[{\"@type\":\"SearchAction\",\"target\":{\"@type\":\"EntryPoint\",\"urlTemplate\":\"https:\/\/renoreformae.com\/?s={search_term_string}\"},\"query-input\":{\"@type\":\"PropertyValueSpecification\",\"valueRequired\":true,\"valueName\":\"search_term_string\"}}],\"inLanguage\":\"fr-FR\"}]}<\/script>\n<!-- \/ Yoast SEO plugin. -->","yoast_head_json":{"title":"Avis legal - Renoreformae","robots":{"index":"index","follow":"follow","max-snippet":"max-snippet:-1","max-image-preview":"max-image-preview:large","max-video-preview":"max-video-preview:-1"},"canonical":"https:\/\/renoreformae.com\/fr\/avis-legal\/","og_locale":"fr_FR","og_type":"article","og_title":"Avis legal - Renoreformae","og_description":"AV\u00cdS LEGAL En compliment de l&rsquo;article 10 de la Llei 34\/2002, d&rsquo;11&nbsp; de juliol, de Serveis de la Societat de la Informaci\u00f3 i Comer\u00e7 Electr\u00f2nic (LSSICE) a continuaci\u00f3 es detallen les dades identificatives de l&rsquo;entitat: Ra\u00f3 social: OSG SERVEIS GRUP, S.L.U. (OSG) NIF: B17395781 Adre\u00e7a: Carrer Joan Torro i Cabratosa, 18 &#8211; 1 1C &#8211;&hellip; Poursuivre la lecture Avis legal","og_url":"https:\/\/renoreformae.com\/fr\/avis-legal\/","og_site_name":"Renoreformae","twitter_card":"summary_large_image","twitter_misc":{"Dur\u00e9e de lecture estim\u00e9e":"2 minutes"},"schema":{"@context":"https:\/\/schema.org","@graph":[{"@type":"WebPage","@id":"https:\/\/renoreformae.com\/fr\/avis-legal\/","url":"https:\/\/renoreformae.com\/fr\/avis-legal\/","name":"Avis legal - Renoreformae","isPartOf":{"@id":"https:\/\/renoreformae.com\/#website"},"datePublished":"2025-06-05T08:27:49+00:00","breadcrumb":{"@id":"https:\/\/renoreformae.com\/fr\/avis-legal\/#breadcrumb"},"inLanguage":"fr-FR","potentialAction":[{"@type":"ReadAction","target":["https:\/\/renoreformae.com\/fr\/avis-legal\/"]}]},{"@type":"BreadcrumbList","@id":"https:\/\/renoreformae.com\/fr\/avis-legal\/#breadcrumb","itemListElement":[{"@type":"ListItem","position":1,"name":"Portada","item":"https:\/\/renoreformae.com\/fr\/homme\/"},{"@type":"ListItem","position":2,"name":"Avis legal"}]},{"@type":"WebSite","@id":"https:\/\/renoreformae.com\/#website","url":"https:\/\/renoreformae.com\/","name":"Renoreformae - Reformes integrals de banys, cuines, locals i espais","description":"renoreformae.com","alternateName":"Renoreformae - Reformes integrals de banys, cuines, locals i espais","potentialAction":[{"@type":"SearchAction","target":{"@type":"EntryPoint","urlTemplate":"https:\/\/renoreformae.com\/?s={search_term_string}"},"query-input":{"@type":"PropertyValueSpecification","valueRequired":true,"valueName":"search_term_string"}}],"inLanguage":"fr-FR"}]}},"_links":{"self":[{"href":"https:\/\/renoreformae.com\/fr\/wp-json\/wp\/v2\/pages\/10336","targetHints":{"allow":["GET"]}}],"collection":[{"href":"https:\/\/renoreformae.com\/fr\/wp-json\/wp\/v2\/pages"}],"about":[{"href":"https:\/\/renoreformae.com\/fr\/wp-json\/wp\/v2\/types\/page"}],"author":[{"embeddable":true,"href":"https:\/\/renoreformae.com\/fr\/wp-json\/wp\/v2\/users\/1"}],"replies":[{"embeddable":true,"href":"https:\/\/renoreformae.com\/fr\/wp-json\/wp\/v2\/comments?post=10336"}],"version-history":[{"count":1,"href":"https:\/\/renoreformae.com\/fr\/wp-json\/wp\/v2\/pages\/10336\/revisions"}],"predecessor-version":[{"id":10337,"href":"https:\/\/renoreformae.com\/fr\/wp-json\/wp\/v2\/pages\/10336\/revisions\/10337"}],"wp:attachment":[{"href":"https:\/\/renoreformae.com\/fr\/wp-json\/wp\/v2\/media?parent=10336"}],"curies":[{"name":"wp","href":"https:\/\/api.w.org\/{rel}","templated":true}]}}