{"id":6360,"date":"2023-05-05T06:55:16","date_gmt":"2023-05-05T06:55:16","guid":{"rendered":"https:\/\/renoreformae.com\/privacy-policy\/"},"modified":"2025-06-05T07:41:58","modified_gmt":"2025-06-05T07:41:58","slug":"privacy-policy","status":"publish","type":"page","link":"https:\/\/renoreformae.com\/es\/privacy-policy\/","title":{"rendered":"Pol\u00edtica de privacidad"},"content":{"rendered":"\t\t<div data-elementor-type=\"wp-page\" data-elementor-id=\"6360\" class=\"elementor elementor-6360 elementor-3\" data-elementor-post-type=\"page\">\n\t\t\t\t\t\t<section class=\"elementor-section elementor-top-section elementor-element elementor-element-336975c elementor-section-boxed elementor-section-height-default elementor-section-height-default\" data-id=\"336975c\" data-element_type=\"section\">\n\t\t\t\t\t\t<div class=\"elementor-container elementor-column-gap-default\">\n\t\t\t\t\t<div class=\"elementor-column elementor-col-100 elementor-top-column elementor-element elementor-element-ec2562b\" data-id=\"ec2562b\" data-element_type=\"column\">\n\t\t\t<div class=\"elementor-widget-wrap elementor-element-populated\">\n\t\t\t\t\t\t<div class=\"elementor-element elementor-element-81c1e6b elementor-widget elementor-widget-spacer\" data-id=\"81c1e6b\" data-element_type=\"widget\" data-widget_type=\"spacer.default\">\n\t\t\t\t<div class=\"elementor-widget-container\">\n\t\t\t<style>\/*! elementor - v3.22.0 - 26-06-2024 *\/\n.elementor-column .elementor-spacer-inner{height:var(--spacer-size)}.e-con{--container-widget-width:100%}.e-con-inner>.elementor-widget-spacer,.e-con>.elementor-widget-spacer{width:var(--container-widget-width,var(--spacer-size));--align-self:var(--container-widget-align-self,initial);--flex-shrink:0}.e-con-inner>.elementor-widget-spacer>.elementor-widget-container,.e-con>.elementor-widget-spacer>.elementor-widget-container{height:100%;width:100%}.e-con-inner>.elementor-widget-spacer>.elementor-widget-container>.elementor-spacer,.e-con>.elementor-widget-spacer>.elementor-widget-container>.elementor-spacer{height:100%}.e-con-inner>.elementor-widget-spacer>.elementor-widget-container>.elementor-spacer>.elementor-spacer-inner,.e-con>.elementor-widget-spacer>.elementor-widget-container>.elementor-spacer>.elementor-spacer-inner{height:var(--container-widget-height,var(--spacer-size))}.e-con-inner>.elementor-widget-spacer.elementor-widget-empty,.e-con>.elementor-widget-spacer.elementor-widget-empty{position:relative;min-height:22px;min-width:22px}.e-con-inner>.elementor-widget-spacer.elementor-widget-empty .elementor-widget-empty-icon,.e-con>.elementor-widget-spacer.elementor-widget-empty .elementor-widget-empty-icon{position:absolute;top:0;bottom:0;left:0;right:0;margin:auto;padding:0;width:22px;height:22px}<\/style>\t\t<div class=\"elementor-spacer\">\n\t\t\t<div class=\"elementor-spacer-inner\"><\/div>\n\t\t<\/div>\n\t\t\t\t<\/div>\n\t\t\t\t<\/div>\n\t\t\t\t\t<\/div>\n\t\t<\/div>\n\t\t\t\t\t<\/div>\n\t\t<\/section>\n\t\t\t\t<section class=\"elementor-section elementor-top-section elementor-element elementor-element-35f2d6b elementor-section-boxed elementor-section-height-default elementor-section-height-default\" data-id=\"35f2d6b\" data-element_type=\"section\">\n\t\t\t\t\t\t<div class=\"elementor-container elementor-column-gap-default\">\n\t\t\t\t\t<div class=\"elementor-column elementor-col-100 elementor-top-column elementor-element elementor-element-f3f98c8\" data-id=\"f3f98c8\" data-element_type=\"column\">\n\t\t\t<div class=\"elementor-widget-wrap elementor-element-populated\">\n\t\t\t\t\t\t<div class=\"elementor-element elementor-element-2cb2cbd elementor-widget elementor-widget-heading\" data-id=\"2cb2cbd\" data-element_type=\"widget\" data-widget_type=\"heading.default\">\n\t\t\t\t<div class=\"elementor-widget-container\">\n\t\t\t<style>\/*! elementor - v3.22.0 - 26-06-2024 *\/\n.elementor-heading-title{padding:0;margin:0;line-height:1}.elementor-widget-heading .elementor-heading-title[class*=elementor-size-]>a{color:inherit;font-size:inherit;line-height:inherit}.elementor-widget-heading .elementor-heading-title.elementor-size-small{font-size:15px}.elementor-widget-heading .elementor-heading-title.elementor-size-medium{font-size:19px}.elementor-widget-heading .elementor-heading-title.elementor-size-large{font-size:29px}.elementor-widget-heading .elementor-heading-title.elementor-size-xl{font-size:39px}.elementor-widget-heading .elementor-heading-title.elementor-size-xxl{font-size:59px}<\/style><h2 class=\"elementor-heading-title elementor-size-default\">POL\u00cdTICA DE PRIVACIDAD<\/h2>\t\t<\/div>\n\t\t\t\t<\/div>\n\t\t\t\t\t<\/div>\n\t\t<\/div>\n\t\t\t\t\t<\/div>\n\t\t<\/section>\n\t\t\t\t<section class=\"elementor-section elementor-top-section elementor-element elementor-element-7425752 elementor-section-boxed elementor-section-height-default elementor-section-height-default\" data-id=\"7425752\" data-element_type=\"section\">\n\t\t\t\t\t\t<div class=\"elementor-container elementor-column-gap-default\">\n\t\t\t\t\t<div class=\"elementor-column elementor-col-100 elementor-top-column elementor-element elementor-element-233bd19\" data-id=\"233bd19\" data-element_type=\"column\">\n\t\t\t<div class=\"elementor-widget-wrap elementor-element-populated\">\n\t\t\t\t\t\t<div class=\"elementor-element elementor-element-e5debf6 elementor-widget elementor-widget-spacer\" data-id=\"e5debf6\" data-element_type=\"widget\" data-widget_type=\"spacer.default\">\n\t\t\t\t<div class=\"elementor-widget-container\">\n\t\t\t\t\t<div class=\"elementor-spacer\">\n\t\t\t<div class=\"elementor-spacer-inner\"><\/div>\n\t\t<\/div>\n\t\t\t\t<\/div>\n\t\t\t\t<\/div>\n\t\t\t\t\t<\/div>\n\t\t<\/div>\n\t\t\t\t\t<\/div>\n\t\t<\/section>\n\t\t\t\t<section class=\"elementor-section elementor-top-section elementor-element elementor-element-97bd12a elementor-section-boxed elementor-section-height-default elementor-section-height-default\" data-id=\"97bd12a\" data-element_type=\"section\">\n\t\t\t\t\t\t<div class=\"elementor-container elementor-column-gap-default\">\n\t\t\t\t\t<div class=\"elementor-column elementor-col-100 elementor-top-column elementor-element elementor-element-f7926d0\" data-id=\"f7926d0\" data-element_type=\"column\">\n\t\t\t<div class=\"elementor-widget-wrap elementor-element-populated\">\n\t\t\t\t\t\t<div class=\"elementor-element elementor-element-77d5442 elementor-widget elementor-widget-text-editor\" data-id=\"77d5442\" data-element_type=\"widget\" data-widget_type=\"text-editor.default\">\n\t\t\t\t<div class=\"elementor-widget-container\">\n\t\t\t<style>\/*! elementor - v3.22.0 - 26-06-2024 *\/\n.elementor-widget-text-editor.elementor-drop-cap-view-stacked .elementor-drop-cap{background-color:#69727d;color:#fff}.elementor-widget-text-editor.elementor-drop-cap-view-framed .elementor-drop-cap{color:#69727d;border:3px solid;background-color:transparent}.elementor-widget-text-editor:not(.elementor-drop-cap-view-default) .elementor-drop-cap{margin-top:8px}.elementor-widget-text-editor:not(.elementor-drop-cap-view-default) .elementor-drop-cap-letter{width:1em;height:1em}.elementor-widget-text-editor .elementor-drop-cap{float:left;text-align:center;line-height:1;font-size:50px}.elementor-widget-text-editor .elementor-drop-cap-letter{display:inline-block}<\/style>\t\t\t\t<p><b>INFORMACI\u00d3N B\u00c1SICA SOBRE PROTECCI\u00d3N DE DATOS:<\/b><\/p>\n<p><b> <\/b><\/p>\n<p><b>Responsable<\/b>: OSG SERVEIS GRUP, S.L.U.<\/p>\n<p><b>Finalidad<\/b>: Informarle sobre los productos y servicios publicados en nuestra web<\/p>\n<p><b>Legitimaci\u00f3n<\/b>: por consentimiento del interesado y\/o medidas precontractuales<\/p>\n<p><b>Plazo de conservaci\u00f3n<\/b>: el legalmente establecido<\/p>\n<p><b>Destinatarios<\/b>: No se ceder\u00e1n datos a terceros, salvo obligaci\u00f3n legal o prestaci\u00f3n del servicio contratado<\/p>\n<p><b>Drets<\/b>: Tiene derecho a acceder, rectificar y suprimir los datos, as\u00ed como otros derechos, como se explica en la informaci\u00f3n adicional.<\/p>\n<p><b>Ubicaci\u00f3n<\/b>: Puede consultar la informaci\u00f3n adicional y detallada sobre Protecci\u00f3n de Datos en el apartado AVISO LEGAL, situado en esta misma web<\/p>\n<\/p>\n<p><b>Responsable<\/b>:<\/p>\n<p><b> <\/b><\/p>\n<p><b>Titular<\/b>: OSG SERVEIS GRUP, S.L.U.<\/p>\n<p><b>C.I.F<\/b>: B17395781<\/p>\n<p><b>Domicilio social<\/b>: Carrer Joan Torro i Cabratosa, 18 &#8211; 1 1C &#8211; 17005 &#8211; Girona &#8211; GIRONA, Girona<\/p>\n<p><b>E-mail<\/b>: lluissoler@osg.cat<\/p>\n<p><b>Tel\u00e9fono<\/b>: 972244824<\/p>\n<\/p>\n<p>OSG SERVEIS GRUP, S.L.U. es el responsable del tratamiento de los datos personales y les informa que estos datos ser\u00e1n tratados de conformidad con lo dispuesto en el Reglamento (UE) 2016\/679 de 27 de abril de 2016 (GDPR), por lo que se le facilita la siguiente informaci\u00f3n del tratamiento:<\/p>\n<p><b> <\/b><\/p>\n<p><b>Finalidad del tratamiento: <\/b><\/p>\n<p><b> <\/b><\/p>\n<ul>\n<li>La prestaci\u00f3n de nuestros servicios relacionados con la Construcci\u00f3n en general, Instalaciones, Reformas, Energ\u00eda, Canalizaci\u00f3n, Obra, Obra Civil, Andamios.<\/li>\n<li>Dar respuesta a las solicitudes de informaci\u00f3n que nos haga llegar a trav\u00e9s de los formularios de contacto<\/li>\n<li>Enviarle peri\u00f3dicamente informaci\u00f3n sobre nuestros productos y\/o servicios, en caso de suscribirse a nuestra newsletter.<\/li>\n<\/ul>\n<div><span style=\"font-family: -apple-system, system-ui, Segoe UI, Roboto, Oxygen-Sans, Ubuntu, Cantarell, Helvetica Neue, sans-serif;\"> <\/span><\/div>\n<p>Los datos personales que el Usuario de nuestra web nos facilita mediante los formularios y funcionalidades habilitadas en la misma, ser\u00e1n tratados con car\u00e1cter general con el fin de facilitar la informaci\u00f3n solicitada por los Usuarios, atender sus consultas o solicitudes, as\u00ed como con cualquier otra finalidad a la que se refieran los formularios y funcionalidades ofrecidas en cada momento a trav\u00e9s de la web.<\/p>\n<\/p>\n<p><b>Legitimaci\u00f3n: <\/b><\/p>\n<p><b> <\/b><\/p>\n<p>OSG SERVEIS GRUP, S.L.U., tratar\u00e1 los datos personales facilitados por el propio interesado para dar respuesta a su solicitud de informaci\u00f3n, o para la prestaci\u00f3n del servicio solicitado, mediante el consentimiento del interesado. El usuario tiene derecho a retirar el consentimiento prestado en cualquier momento. <\/p>\n<p>La base legal de los tratamientos es el consentimiento otorgado por los Usuarios prestado mediante la aceptaci\u00f3n de la presente Pol\u00edtica de Privacidad y las casillas correspondientes.<\/p>\n<\/p>\n<p><b>Criterios de conservaci\u00f3n de los datos: <\/b><\/p>\n<p><b> <\/b><\/p>\n<p>Se conservar\u00e1n mientras exista un inter\u00e9s mutuo para mantener el fin del tratamiento y cuando ya no sea necesario para tal fin, se suprimir\u00e1n con medidas de seguridad adecuadas para garantizar la seudonimizaci\u00f3n de los datos o la destrucci\u00f3n total de los mismos.<\/p>\n<p><b> <\/b><\/p>\n<p><b>Destinatarios: <\/b><\/p>\n<p><b> <\/b><\/p>\n<p>OSG SERVEIS GRUP, S.L.U. no ceder\u00e1 datos personales a terceros, salvo cuando exista una obligaci\u00f3n legal al respecto o sea necesario para la prestaci\u00f3n del servicio contratada por el usuario. En estos casos, nos aseguramos de que los destinatarios respetan la confidencialidad y cuentan con las medidas adecuadas para proteger los datos personales. <\/p>\n<p>Los proveedores de servicios externos con los que OSG SERVEIS GRUP, S.L.U. trabaja, pueden tener acceso a datos para proporcionar los servicios correspondientes, sin embargo, no usan dicha informaci\u00f3n para fines propios o para cesi\u00f3n a terceros.<\/p>\n<\/p>\n<p><b>Derechos que asisten al Interesado:<\/b><\/p>\n<p><b> <\/b><\/p>\n<ul>\n<li>Derecho a retirar el consentimiento en cualquier momento.<\/li>\n<li>Derecho de acceso, rectificaci\u00f3n, portabilidad y supresi\u00f3n de sus datos y a la limitaci\u00f3n u oposici\u00f3n a su tratamiento.<\/li>\n<li>Derecho a presentar una reclamaci\u00f3n ante la Autoridad de control (www.agpd.es) si considera que el tratamiento no se ajusta a la normativa vigente.<\/li>\n<\/ul>\n<p><b> <\/b><\/p>\n<p><b>Datos de contacto del Responsable del Tratamiento, para ejercer sus derechos:<\/b><\/p>\n<p><b> <\/b><\/p>\n<ul>\n<li><b>Titular<\/b>: OSG SERVEIS GRUP, S.L.U.<\/li>\n<li><b>C.I.F<\/b>: B17395781<\/li>\n<li><b>Domicilio social<\/b>: Carrer Joan Torro i Cabratosa, 18 &#8211; 1 1C &#8211; 17005 &#8211; Girona &#8211; GIRONA<\/li>\n<li><b>E-mail<\/b>: lluissoler@osg.cat<\/li>\n<li><b>Tel\u00e9fono<\/b>: 972244824<\/li>\n<\/ul>\n<div> <\/div>\n\t\t\t\t\t\t<\/div>\n\t\t\t\t<\/div>\n\t\t\t\t\t<\/div>\n\t\t<\/div>\n\t\t\t\t\t<\/div>\n\t\t<\/section>\n\t\t\t\t<section class=\"elementor-section elementor-top-section elementor-element elementor-element-e67d0f4 elementor-section-boxed elementor-section-height-default elementor-section-height-default\" data-id=\"e67d0f4\" data-element_type=\"section\">\n\t\t\t\t\t\t<div class=\"elementor-container elementor-column-gap-default\">\n\t\t\t\t\t<div class=\"elementor-column elementor-col-100 elementor-top-column elementor-element elementor-element-d618feb\" data-id=\"d618feb\" data-element_type=\"column\">\n\t\t\t<div class=\"elementor-widget-wrap elementor-element-populated\">\n\t\t\t\t\t\t<div class=\"elementor-element elementor-element-fb0e779 elementor-widget elementor-widget-spacer\" data-id=\"fb0e779\" data-element_type=\"widget\" data-widget_type=\"spacer.default\">\n\t\t\t\t<div class=\"elementor-widget-container\">\n\t\t\t\t\t<div class=\"elementor-spacer\">\n\t\t\t<div class=\"elementor-spacer-inner\"><\/div>\n\t\t<\/div>\n\t\t\t\t<\/div>\n\t\t\t\t<\/div>\n\t\t\t\t\t<\/div>\n\t\t<\/div>\n\t\t\t\t\t<\/div>\n\t\t<\/section>\n\t\t\t\t<section class=\"elementor-section elementor-top-section elementor-element elementor-element-31f7528 elementor-section-boxed elementor-section-height-default elementor-section-height-default\" data-id=\"31f7528\" data-element_type=\"section\">\n\t\t\t\t\t\t<div class=\"elementor-container elementor-column-gap-default\">\n\t\t\t\t\t<div class=\"elementor-column elementor-col-100 elementor-top-column elementor-element elementor-element-78178a2\" data-id=\"78178a2\" data-element_type=\"column\">\n\t\t\t<div class=\"elementor-widget-wrap elementor-element-populated\">\n\t\t\t\t\t\t<div class=\"elementor-element elementor-element-abc82a3 elementor-widget elementor-widget-spacer\" data-id=\"abc82a3\" data-element_type=\"widget\" data-widget_type=\"spacer.default\">\n\t\t\t\t<div class=\"elementor-widget-container\">\n\t\t\t\t\t<div class=\"elementor-spacer\">\n\t\t\t<div class=\"elementor-spacer-inner\"><\/div>\n\t\t<\/div>\n\t\t\t\t<\/div>\n\t\t\t\t<\/div>\n\t\t\t\t\t<\/div>\n\t\t<\/div>\n\t\t\t\t\t<\/div>\n\t\t<\/section>\n\t\t\t\t<\/div>\n\t\t","protected":false},"excerpt":{"rendered":"<p>POL\u00cdTICA DE PRIVACIDAD INFORMACI\u00d3N B\u00c1SICA SOBRE PROTECCI\u00d3N DE DATOS: Responsable: OSG SERVEIS GRUP, S.L.U. Finalidad: Informarle sobre los productos y servicios publicados en nuestra web Legitimaci\u00f3n: por consentimiento del interesado y\/o medidas precontractuales Plazo de conservaci\u00f3n: el legalmente establecido Destinatarios: No se ceder\u00e1n datos a terceros, salvo obligaci\u00f3n legal o prestaci\u00f3n del servicio contratado Drets:&hellip; <a class=\"more-link\" href=\"https:\/\/renoreformae.com\/es\/privacy-policy\/\">Seguir leyendo <span class=\"screen-reader-text\">Pol\u00edtica de privacidad<\/span><\/a><\/p>\n","protected":false},"author":1,"featured_media":0,"parent":0,"menu_order":0,"comment_status":"closed","ping_status":"closed","template":"elementor_header_footer","meta":{"footnotes":""},"class_list":["post-6360","page","type-page","status-publish","hentry","entry"],"yoast_head":"<!-- This site is optimized with the Yoast SEO plugin v26.1.1 - https:\/\/yoast.com\/wordpress\/plugins\/seo\/ -->\n<title>Pol\u00edtica de privacidad - Renoreformae<\/title>\n<meta name=\"robots\" content=\"index, follow, max-snippet:-1, max-image-preview:large, max-video-preview:-1\" \/>\n<link rel=\"canonical\" href=\"https:\/\/renoreformae.com\/es\/privacy-policy\/\" \/>\n<meta property=\"og:locale\" content=\"es_ES\" \/>\n<meta property=\"og:type\" content=\"article\" \/>\n<meta property=\"og:title\" content=\"Pol\u00edtica de privacidad - Renoreformae\" \/>\n<meta property=\"og:description\" content=\"POL\u00cdTICA DE PRIVACIDAD INFORMACI\u00d3N B\u00c1SICA SOBRE PROTECCI\u00d3N DE DATOS: Responsable: OSG SERVEIS GRUP, S.L.U. Finalidad: Informarle sobre los productos y servicios publicados en nuestra web Legitimaci\u00f3n: por consentimiento del interesado y\/o medidas precontractuales Plazo de conservaci\u00f3n: el legalmente establecido Destinatarios: No se ceder\u00e1n datos a terceros, salvo obligaci\u00f3n legal o prestaci\u00f3n del servicio contratado Drets:&hellip; Seguir leyendo Pol\u00edtica de privacidad\" \/>\n<meta property=\"og:url\" content=\"https:\/\/renoreformae.com\/es\/privacy-policy\/\" \/>\n<meta property=\"og:site_name\" content=\"Renoreformae\" \/>\n<meta property=\"article:modified_time\" content=\"2025-06-05T07:41:58+00:00\" \/>\n<meta name=\"twitter:card\" content=\"summary_large_image\" \/>\n<meta name=\"twitter:label1\" content=\"Tiempo de lectura\" \/>\n\t<meta name=\"twitter:data1\" content=\"3 minutos\" \/>\n<script type=\"application\/ld+json\" class=\"yoast-schema-graph\">{\"@context\":\"https:\/\/schema.org\",\"@graph\":[{\"@type\":\"WebPage\",\"@id\":\"https:\/\/renoreformae.com\/es\/privacy-policy\/\",\"url\":\"https:\/\/renoreformae.com\/es\/privacy-policy\/\",\"name\":\"Pol\u00edtica de privacidad - Renoreformae\",\"isPartOf\":{\"@id\":\"https:\/\/renoreformae.com\/#website\"},\"datePublished\":\"2023-05-05T06:55:16+00:00\",\"dateModified\":\"2025-06-05T07:41:58+00:00\",\"breadcrumb\":{\"@id\":\"https:\/\/renoreformae.com\/es\/privacy-policy\/#breadcrumb\"},\"inLanguage\":\"es\",\"potentialAction\":[{\"@type\":\"ReadAction\",\"target\":[\"https:\/\/renoreformae.com\/es\/privacy-policy\/\"]}]},{\"@type\":\"BreadcrumbList\",\"@id\":\"https:\/\/renoreformae.com\/es\/privacy-policy\/#breadcrumb\",\"itemListElement\":[{\"@type\":\"ListItem\",\"position\":1,\"name\":\"Portada\",\"item\":\"https:\/\/renoreformae.com\/\"},{\"@type\":\"ListItem\",\"position\":2,\"name\":\"Pol\u00edtica de privacidad\"}]},{\"@type\":\"WebSite\",\"@id\":\"https:\/\/renoreformae.com\/#website\",\"url\":\"https:\/\/renoreformae.com\/\",\"name\":\"Renoreformae - Reformes integrals de banys, cuines, locals i espais\",\"description\":\"renoreformae.com\",\"publisher\":{\"@id\":\"https:\/\/renoreformae.com\/#organization\"},\"alternateName\":\"Renoreformae - Reformes integrals de banys, cuines, locals i espais\",\"potentialAction\":[{\"@type\":\"SearchAction\",\"target\":{\"@type\":\"EntryPoint\",\"urlTemplate\":\"https:\/\/renoreformae.com\/?s={search_term_string}\"},\"query-input\":{\"@type\":\"PropertyValueSpecification\",\"valueRequired\":true,\"valueName\":\"search_term_string\"}}],\"inLanguage\":\"es\"},{\"@type\":\"Organization\",\"@id\":\"https:\/\/renoreformae.com\/#organization\",\"name\":\"Renoreformae\",\"alternateName\":\"Renoreformae\",\"url\":\"https:\/\/renoreformae.com\/\",\"logo\":{\"@type\":\"ImageObject\",\"inLanguage\":\"es\",\"@id\":\"https:\/\/renoreformae.com\/#\/schema\/logo\/image\/\",\"url\":\"https:\/\/renoreformae.com\/wp-content\/uploads\/2022\/01\/favicon-reno-256px.png\",\"contentUrl\":\"https:\/\/renoreformae.com\/wp-content\/uploads\/2022\/01\/favicon-reno-256px.png\",\"width\":256,\"height\":256,\"caption\":\"Renoreformae\"},\"image\":{\"@id\":\"https:\/\/renoreformae.com\/#\/schema\/logo\/image\/\"}}]}<\/script>\n<!-- \/ Yoast SEO plugin. -->","yoast_head_json":{"title":"Pol\u00edtica de privacidad - Renoreformae","robots":{"index":"index","follow":"follow","max-snippet":"max-snippet:-1","max-image-preview":"max-image-preview:large","max-video-preview":"max-video-preview:-1"},"canonical":"https:\/\/renoreformae.com\/es\/privacy-policy\/","og_locale":"es_ES","og_type":"article","og_title":"Pol\u00edtica de privacidad - Renoreformae","og_description":"POL\u00cdTICA DE PRIVACIDAD INFORMACI\u00d3N B\u00c1SICA SOBRE PROTECCI\u00d3N DE DATOS: Responsable: OSG SERVEIS GRUP, S.L.U. Finalidad: Informarle sobre los productos y servicios publicados en nuestra web Legitimaci\u00f3n: por consentimiento del interesado y\/o medidas precontractuales Plazo de conservaci\u00f3n: el legalmente establecido Destinatarios: No se ceder\u00e1n datos a terceros, salvo obligaci\u00f3n legal o prestaci\u00f3n del servicio contratado Drets:&hellip; Seguir leyendo Pol\u00edtica de privacidad","og_url":"https:\/\/renoreformae.com\/es\/privacy-policy\/","og_site_name":"Renoreformae","article_modified_time":"2025-06-05T07:41:58+00:00","twitter_card":"summary_large_image","twitter_misc":{"Tiempo de lectura":"3 minutos"},"schema":{"@context":"https:\/\/schema.org","@graph":[{"@type":"WebPage","@id":"https:\/\/renoreformae.com\/es\/privacy-policy\/","url":"https:\/\/renoreformae.com\/es\/privacy-policy\/","name":"Pol\u00edtica de privacidad - Renoreformae","isPartOf":{"@id":"https:\/\/renoreformae.com\/#website"},"datePublished":"2023-05-05T06:55:16+00:00","dateModified":"2025-06-05T07:41:58+00:00","breadcrumb":{"@id":"https:\/\/renoreformae.com\/es\/privacy-policy\/#breadcrumb"},"inLanguage":"es","potentialAction":[{"@type":"ReadAction","target":["https:\/\/renoreformae.com\/es\/privacy-policy\/"]}]},{"@type":"BreadcrumbList","@id":"https:\/\/renoreformae.com\/es\/privacy-policy\/#breadcrumb","itemListElement":[{"@type":"ListItem","position":1,"name":"Portada","item":"https:\/\/renoreformae.com\/"},{"@type":"ListItem","position":2,"name":"Pol\u00edtica de privacidad"}]},{"@type":"WebSite","@id":"https:\/\/renoreformae.com\/#website","url":"https:\/\/renoreformae.com\/","name":"Renoreformae - Reformes integrals de banys, cuines, locals i espais","description":"renoreformae.com","publisher":{"@id":"https:\/\/renoreformae.com\/#organization"},"alternateName":"Renoreformae - Reformes integrals de banys, cuines, locals i espais","potentialAction":[{"@type":"SearchAction","target":{"@type":"EntryPoint","urlTemplate":"https:\/\/renoreformae.com\/?s={search_term_string}"},"query-input":{"@type":"PropertyValueSpecification","valueRequired":true,"valueName":"search_term_string"}}],"inLanguage":"es"},{"@type":"Organization","@id":"https:\/\/renoreformae.com\/#organization","name":"Renoreformae","alternateName":"Renoreformae","url":"https:\/\/renoreformae.com\/","logo":{"@type":"ImageObject","inLanguage":"es","@id":"https:\/\/renoreformae.com\/#\/schema\/logo\/image\/","url":"https:\/\/renoreformae.com\/wp-content\/uploads\/2022\/01\/favicon-reno-256px.png","contentUrl":"https:\/\/renoreformae.com\/wp-content\/uploads\/2022\/01\/favicon-reno-256px.png","width":256,"height":256,"caption":"Renoreformae"},"image":{"@id":"https:\/\/renoreformae.com\/#\/schema\/logo\/image\/"}}]}},"_links":{"self":[{"href":"https:\/\/renoreformae.com\/es\/wp-json\/wp\/v2\/pages\/6360","targetHints":{"allow":["GET"]}}],"collection":[{"href":"https:\/\/renoreformae.com\/es\/wp-json\/wp\/v2\/pages"}],"about":[{"href":"https:\/\/renoreformae.com\/es\/wp-json\/wp\/v2\/types\/page"}],"author":[{"embeddable":true,"href":"https:\/\/renoreformae.com\/es\/wp-json\/wp\/v2\/users\/1"}],"replies":[{"embeddable":true,"href":"https:\/\/renoreformae.com\/es\/wp-json\/wp\/v2\/comments?post=6360"}],"version-history":[{"count":3,"href":"https:\/\/renoreformae.com\/es\/wp-json\/wp\/v2\/pages\/6360\/revisions"}],"predecessor-version":[{"id":10311,"href":"https:\/\/renoreformae.com\/es\/wp-json\/wp\/v2\/pages\/6360\/revisions\/10311"}],"wp:attachment":[{"href":"https:\/\/renoreformae.com\/es\/wp-json\/wp\/v2\/media?parent=6360"}],"curies":[{"name":"wp","href":"https:\/\/api.w.org\/{rel}","templated":true}]}}